{"id":933,"date":"2013-03-12T13:10:08","date_gmt":"2013-03-12T13:10:08","guid":{"rendered":"http:\/\/inovado2.mintithemes.com\/?page_id=933"},"modified":"2014-06-13T09:59:48","modified_gmt":"2014-06-13T08:59:48","slug":"services-2","status":"publish","type":"page","link":"https:\/\/ykhimmo.com\/promotion-immobiliere-tunisie?page_id=933","title":{"rendered":"Projet r\u00e9alis\u00e9"},"content":{"rendered":"<p><span style=\"color: #555555;\">\n\t\t\t<!-- START projets REVOLUTION SLIDER 6.7.9 --><p class=\"rs-p-wp-fix\"><\/p>\n\t\t\t<rs-module-wrap id=\"rev_slider_3_1_wrapper\" data-source=\"gallery\" data-aimg=\"\"  style=\"visibility:hidden;background:#E9E9E9;padding:0;margin:0px auto;margin-top:0;margin-bottom:0;\">\n\t\t\t\t<rs-module id=\"rev_slider_3_1\" style=\"\" data-version=\"6.7.9\">\n\t\t\t\t\t<rs-slides style=\"overflow: hidden; position: absolute;\">\n\t\t\t\t\t\t<rs-slide style=\"position: absolute;\" data-key=\"rs-17\" data-title=\"Slide\" data-filter=\"e:late2;g:100;\" data-in=\"prst:rndany;o:0;e:power1.in;\">\n\t\t\t\t\t\t\t<img src=\"\/\/ykhimmo.com\/promotion-immobiliere-tunisie\/wp-content\/plugins\/revslider\/sr6\/assets\/assets\/dummy.png\" alt=\"Slide\" title=\"Projet r\u00e9alis\u00e9\" class=\"rev-slidebg tp-rs-img rs-lazyload\" data-lazyload=\"\/\/ykhimmo.com\/promotion-immobiliere-tunisie\/wp-content\/plugins\/revslider\/sr6\/assets\/assets\/transparent.png\" data-bg=\"p:center top;\" data-no-retina>\n<!--\n\t\t\t\t\t\t\t--><rs-layer\n\t\t\t\t\t\t\t\tid=\"slider-3-slide-17-layer-1\" \n\t\t\t\t\t\t\t\tdata-type=\"image\"\n\t\t\t\t\t\t\t\tdata-rsp_ch=\"on\"\n\t\t\t\t\t\t\t\tdata-xy=\"x:c;y:c;\"\n\t\t\t\t\t\t\t\tdata-dim=\"w:940;h:377;\"\n\t\t\t\t\t\t\t\tdata-frame_1=\"st:500;\"\n\t\t\t\t\t\t\t\tdata-frame_999=\"st:8400;auto:true;\"\n\t\t\t\t\t\t\t\tstyle=\"z-index:5;\"\n\t\t\t\t\t\t\t><img src=\"\/\/ykhimmo.com\/promotion-immobiliere-tunisie\/wp-content\/plugins\/revslider\/sr6\/assets\/assets\/dummy.png\" alt=\"\" class=\"tp-rs-img rs-lazyload\" width=\"940\" height=\"377\" data-lazyload=\"\/\/ykhimmo.com\/promotion-immobiliere-tunisie\/wp-content\/uploads\/2014\/06\/13.jpg\" data-no-retina> \n\t\t\t\t\t\t\t<\/rs-layer><!--\n-->\t\t\t\t\t<\/rs-slide>\n\t\t\t\t\t\t<rs-slide style=\"position: absolute;\" data-key=\"rs-9\" data-title=\"Slide\" data-anim=\"d:20;p:dark;f:slidebased;\" data-in=\"prst:rndany;o:0;x:(15%);sx:0.8;sy:0.8;e:power2.out;row:5;col:5;\" data-out=\"o:0;x:(-15%);sx:0.8;sy:0.8;e:power2.in;row:5;col:5;\">\n\t\t\t\t\t\t\t<img src=\"\/\/ykhimmo.com\/promotion-immobiliere-tunisie\/wp-content\/plugins\/revslider\/sr6\/assets\/assets\/dummy.png\" alt=\"\" title=\"Projet r\u00e9alis\u00e9\" class=\"rev-slidebg tp-rs-img rs-lazyload\" data-lazyload=\"\/\/ykhimmo.hypergroup.com.tn\/wp-content\/uploads\/2014\/06\/24.jpg\" data-bg=\"p:center top;\" data-no-retina>\n<!---->\t\t\t\t\t<\/rs-slide>\n\t\t\t\t\t\t<rs-slide style=\"position: absolute;\" data-key=\"rs-10\" data-title=\"Slide\" data-anim=\"ms:2000;\" data-in=\"prst:rndany;o:0;\" data-out=\"a:false;\" data-d3=\"f:cube;z:400;su:true;\">\n\t\t\t\t\t\t\t<img src=\"\/\/ykhimmo.com\/promotion-immobiliere-tunisie\/wp-content\/plugins\/revslider\/sr6\/assets\/assets\/dummy.png\" alt=\"\" title=\"Projet r\u00e9alis\u00e9\" class=\"rev-slidebg tp-rs-img rs-lazyload\" data-lazyload=\"\/\/ykhimmo.hypergroup.com.tn\/wp-content\/uploads\/2014\/06\/33.jpg\" data-bg=\"p:center top;\" data-no-retina>\n<!---->\t\t\t\t\t<\/rs-slide>\n\t\t\t\t\t\t<rs-slide style=\"position: absolute;\" data-key=\"rs-11\" data-title=\"Slide\" data-in=\"prst:rndany;x:(100%);\" data-out=\"sx:0.85;sy:0.85;\">\n\t\t\t\t\t\t\t<img src=\"\/\/ykhimmo.com\/promotion-immobiliere-tunisie\/wp-content\/plugins\/revslider\/sr6\/assets\/assets\/dummy.png\" alt=\"\" title=\"Projet r\u00e9alis\u00e9\" class=\"rev-slidebg tp-rs-img rs-lazyload\" data-lazyload=\"\/\/ykhimmo.hypergroup.com.tn\/wp-content\/uploads\/2014\/06\/43.jpg\" data-bg=\"p:center top;\" data-no-retina>\n<!---->\t\t\t\t\t<\/rs-slide>\n\t\t\t\t\t\t<rs-slide style=\"position: absolute;\" data-key=\"rs-12\" data-title=\"Slide\" data-in=\"prst:rndany;o:1;y:100%;\" data-out=\"y:-60%;\">\n\t\t\t\t\t\t\t<img src=\"\/\/ykhimmo.com\/promotion-immobiliere-tunisie\/wp-content\/plugins\/revslider\/sr6\/assets\/assets\/dummy.png\" alt=\"\" title=\"Projet r\u00e9alis\u00e9\" class=\"rev-slidebg tp-rs-img rs-lazyload\" data-lazyload=\"\/\/ykhimmo.hypergroup.com.tn\/wp-content\/uploads\/2014\/06\/54.jpg\" data-bg=\"p:center top;\" data-no-retina>\n<!---->\t\t\t\t\t<\/rs-slide>\n\t\t\t\t\t\t<rs-slide style=\"position: absolute;\" data-key=\"rs-13\" data-title=\"Slide\" data-anim=\"d:40;\" data-filter=\"b:3;\" data-in=\"prst:rndany;o:0;x:cyc(-100%|-100%|100%|100%);y:cyc(-20%|20%|-20%|20%);r:cyc(-20|20|-20|20);sx:0.5;sy:0.5;row:2;col:2;\" data-out=\"o:0;x:cyc(5%|5%|-5%|-5%);y:cyc(4%|-4%|4%|-4%);sx:0.8;sy:0.8;row:2;col:2;\">\n\t\t\t\t\t\t\t<img src=\"\/\/ykhimmo.com\/promotion-immobiliere-tunisie\/wp-content\/plugins\/revslider\/sr6\/assets\/assets\/dummy.png\" alt=\"\" title=\"Projet r\u00e9alis\u00e9\" class=\"rev-slidebg tp-rs-img rs-lazyload\" data-lazyload=\"\/\/ykhimmo.hypergroup.com.tn\/wp-content\/uploads\/2014\/06\/62.jpg\" data-bg=\"p:center top;\" data-no-retina>\n<!---->\t\t\t\t\t<\/rs-slide>\n\t\t\t\t\t\t<rs-slide style=\"position: absolute;\" data-key=\"rs-14\" data-title=\"Slide\" data-anim=\"o:outin;\" data-in=\"prst:rndany;o:0;sx:0.85;sy:0.85;\" data-out=\"x:-100%;\">\n\t\t\t\t\t\t\t<img src=\"\/\/ykhimmo.com\/promotion-immobiliere-tunisie\/wp-content\/plugins\/revslider\/sr6\/assets\/assets\/dummy.png\" alt=\"\" title=\"Projet r\u00e9alis\u00e9\" class=\"rev-slidebg tp-rs-img rs-lazyload\" data-lazyload=\"\/\/ykhimmo.hypergroup.com.tn\/wp-content\/uploads\/2014\/06\/72.jpg\" data-bg=\"p:center top;\" data-no-retina>\n<!---->\t\t\t\t\t<\/rs-slide>\n\t\t\t\t\t\t<rs-slide style=\"position: absolute;\" data-key=\"rs-15\" data-title=\"Slide\" data-in=\"prst:rndany;o:0;y:(100%);\" data-out=\"a:false;\">\n\t\t\t\t\t\t\t<img src=\"\/\/ykhimmo.com\/promotion-immobiliere-tunisie\/wp-content\/plugins\/revslider\/sr6\/assets\/assets\/dummy.png\" alt=\"\" title=\"Projet r\u00e9alis\u00e9\" class=\"rev-slidebg tp-rs-img rs-lazyload\" data-lazyload=\"\/\/ykhimmo.hypergroup.com.tn\/wp-content\/uploads\/2014\/06\/82.jpg\" data-bg=\"p:center top;\" data-no-retina>\n<!---->\t\t\t\t\t<\/rs-slide>\n\t\t\t\t\t<\/rs-slides>\n\t\t\t\t<\/rs-module>\n\t\t\t\t<script>\n\t\t\t\t\tsetREVStartSize({c: 'rev_slider_3_1',rl:[1240,1024,778,480],el:[],gw:[940],gh:[377],type:'standard',justify:'',layout:'fullwidth',mh:\"0\"});if (window.RS_MODULES!==undefined && window.RS_MODULES.modules!==undefined && window.RS_MODULES.modules[\"revslider31\"]!==undefined) {window.RS_MODULES.modules[\"revslider31\"].once = false;window.revapi3 = undefined;if (window.RS_MODULES.checkMinimal!==undefined) window.RS_MODULES.checkMinimal()}\n\t\t\t\t<\/script>\n\t\t\t<\/rs-module-wrap>\n\t\t\t<!-- END REVOLUTION SLIDER -->\n<\/span><\/p>\n<div class=\"gap\" style=\"height: 30px;\"><\/div>\n<p>Projet r\u00e9sidentiel sis aux berges du Lac II.\u00a0Superficie du terrain 2 929 m\u00b2 Superficie couverte 9 200m\u00b2 en R+6.\u00a0Le Riviera compte 40 appartements r\u00e9partis sur trois blocs en Rez-de-chauss\u00e9e plus 6 \u00e9tages, chaque \u00e9tage compte 2 logements.<br \/>\nDu S+1 au S+4, les appartements b\u00e9n\u00e9ficient d\u2019une orientation id\u00e9ale leur assurant clart\u00e9 et ensoleillement. Tous les appartements d\u2019\u00e9tage poss\u00e8dent un vaste balcon et ceux du Rez-de-chauss\u00e9e disposent d\u2019un jardin privatif.<\/p>\n<h3><span style=\"color: #333333;\">Coup de C\u0153ur assur\u00e9<\/span><\/h3>\n<ul id=\"puce\">\n<li>Architecture moderne et a\u00e9r\u00e9e<\/li>\n<li>Confort int\u00e9gral, s\u00e9curit\u00e9 assur\u00e9e (t\u00e9l\u00e9surveillance et contr\u00f4le d\u2019acc\u00e8s)<\/li>\n<li>Qualit\u00e9 d\u2019\u00e9quipements de premier choix (marbre, boiserie, sanitaire, climatisation, etc.)<\/li>\n<li>Normes d\u2019isolation respect\u00e9es (isolation phonique et thermique)<\/li>\n<li>Espace de vie fonctionnel ob\u00e9issant aux exigences les plus strictes<\/li>\n<li>Cellier et parking au sous sol<\/li>\n<\/ul>\n<h3>\n<div class=\"hr hr1\" style='margin:0 0 30px 0 !important;'><\/div>\n<p> <h3 class=\"title\"><span>Vid\u00e9os: <\/span><\/h3><div class=\"latest-portfolio negative-wrap\"><div class=\"portfolio-item four columns\"><div class=\"portfolio-it\">\n\t\t\t\t  \t\t<a href=\"http:\/\/www.youtube.com\/watch?v=naY-YPmD1vc\" class=\"prettyPhoto\" rel=\"prettyPhoto[portfolio]\" title=\"Vid\u00e9o 1\"><span class=\"portfolio-pic\"><img src=\"https:\/\/ykhimmo.com\/promotion-immobiliere-tunisie\/wp-content\/uploads\/2013\/01\/1-460x300.jpg\" \/><div class=\"portfolio-overlay\"><span class=\"overlay-lightbox\"><\/span><\/div><\/span><\/a>\n\t\t\t\t  \t\t<a href=\"https:\/\/ykhimmo.com\/promotion-immobiliere-tunisie?portfolio=duis-rhoncus-odio-nec\" title=\"Vid\u00e9o 1\" class=\"portfolio-title\"><h4>Vid\u00e9o 1<\/h4><span>Vid\u00e9o 1<\/span><\/a>\n\t\t\t\t  \t<\/div><\/div><div class=\"portfolio-item four columns\"><div class=\"portfolio-it\">\n\t\t\t\t  \t\t<a href=\"http:\/\/www.youtube.com\/watch?v=7aj37kNHN3s\" class=\"prettyPhoto\" rel=\"prettyPhoto[portfolio]\" title=\"Vid\u00e9o 2\"><span class=\"portfolio-pic\"><img src=\"https:\/\/ykhimmo.com\/promotion-immobiliere-tunisie\/wp-content\/uploads\/2013\/01\/2-460x300.jpg\" \/><div class=\"portfolio-overlay\"><span class=\"overlay-lightbox\"><\/span><\/div><\/span><\/a>\n\t\t\t\t  \t\t<a href=\"https:\/\/ykhimmo.com\/promotion-immobiliere-tunisie?portfolio=in-fringilla-suscipit\" title=\"Vid\u00e9o 2\" class=\"portfolio-title\"><h4>Vid\u00e9o 2<\/h4><span>Felis malesuada fermentum<\/span><\/a>\n\t\t\t\t  \t<\/div><\/div><div class=\"portfolio-item four columns\"><div class=\"portfolio-it\">\n\t\t\t\t  \t\t<a href=\"http:\/\/www.youtube.com\/watch?v=-RZmqb7pGqs\" class=\"prettyPhoto\" rel=\"prettyPhoto[portfolio]\" title=\"Vid\u00e9o 3\"><span class=\"portfolio-pic\"><img src=\"https:\/\/ykhimmo.com\/promotion-immobiliere-tunisie\/wp-content\/uploads\/2013\/01\/3-460x300.jpg\" \/><div class=\"portfolio-overlay\"><span class=\"overlay-lightbox\"><\/span><\/div><\/span><\/a>\n\t\t\t\t  \t\t<a href=\"https:\/\/ykhimmo.com\/promotion-immobiliere-tunisie?portfolio=vivamus-tristique\" title=\"Vid\u00e9o 3\" class=\"portfolio-title\"><h4>Vid\u00e9o 3<\/h4><span>Quisque vitae faucibus leo<\/span><\/a>\n\t\t\t\t  \t<\/div><\/div><div class=\"portfolio-item four columns\"><div class=\"portfolio-it\">\n\t\t\t\t  \t\t<a href=\"http:\/\/www.youtube.com\/watch?v=HDM-7kCeOQc\" class=\"prettyPhoto\" rel=\"prettyPhoto[portfolio]\" title=\"Vid\u00e9o 4\"><span class=\"portfolio-pic\"><img src=\"https:\/\/ykhimmo.com\/promotion-immobiliere-tunisie\/wp-content\/uploads\/2013\/01\/4-460x300.jpg\" \/><div class=\"portfolio-overlay\"><span class=\"overlay-lightbox\"><\/span><\/div><\/span><\/a>\n\t\t\t\t  \t\t<a href=\"https:\/\/ykhimmo.com\/promotion-immobiliere-tunisie?portfolio=duis-in-nisl-neque\" title=\"Vid\u00e9o 4\" class=\"portfolio-title\"><h4>Vid\u00e9o 4<\/h4><span>Aenean justo augue<\/span><\/a>\n\t\t\t\t  \t<\/div><\/div><\/div><div class=\"clear\"><\/div><\/h3>\n<h3>\n<h3 class=\"title\"><span>Plans<\/span><\/h3>\n<\/h3>\n","protected":false},"excerpt":{"rendered":"<p>Projet r\u00e9sidentiel sis aux berges du Lac II.\u00a0Superficie du terrain 2 929 m\u00b2 Superficie couverte 9 200m\u00b2 en R+6.\u00a0Le Riviera compte 40 appartements r\u00e9partis sur trois blocs en Rez-de-chauss\u00e9e plus\u2026 <a href=\"https:\/\/ykhimmo.com\/promotion-immobiliere-tunisie?portfolio=duis-in-nisl-neque\" class=\"read-more-link\">read more &rarr;<\/a><\/p>\n","protected":false},"author":1,"featured_media":0,"parent":0,"menu_order":0,"comment_status":"open","ping_status":"open","template":"page-portfolio-col4.php","meta":[],"_links":{"self":[{"href":"https:\/\/ykhimmo.com\/promotion-immobiliere-tunisie\/index.php?rest_route=\/wp\/v2\/pages\/933"}],"collection":[{"href":"https:\/\/ykhimmo.com\/promotion-immobiliere-tunisie\/index.php?rest_route=\/wp\/v2\/pages"}],"about":[{"href":"https:\/\/ykhimmo.com\/promotion-immobiliere-tunisie\/index.php?rest_route=\/wp\/v2\/types\/page"}],"author":[{"embeddable":true,"href":"https:\/\/ykhimmo.com\/promotion-immobiliere-tunisie\/index.php?rest_route=\/wp\/v2\/users\/1"}],"replies":[{"embeddable":true,"href":"https:\/\/ykhimmo.com\/promotion-immobiliere-tunisie\/index.php?rest_route=%2Fwp%2Fv2%2Fcomments&post=933"}],"version-history":[{"count":60,"href":"https:\/\/ykhimmo.com\/promotion-immobiliere-tunisie\/index.php?rest_route=\/wp\/v2\/pages\/933\/revisions"}],"predecessor-version":[{"id":2953,"href":"https:\/\/ykhimmo.com\/promotion-immobiliere-tunisie\/index.php?rest_route=\/wp\/v2\/pages\/933\/revisions\/2953"}],"wp:attachment":[{"href":"https:\/\/ykhimmo.com\/promotion-immobiliere-tunisie\/index.php?rest_route=%2Fwp%2Fv2%2Fmedia&parent=933"}],"curies":[{"name":"wp","href":"https:\/\/api.w.org\/{rel}","templated":true}]}}