{"id":931,"date":"2013-03-12T13:09:30","date_gmt":"2013-03-12T13:09:30","guid":{"rendered":"http:\/\/inovado2.mintithemes.com\/?page_id=931"},"modified":"2014-09-09T12:11:56","modified_gmt":"2014-09-09T11:11:56","slug":"about-us-2","status":"publish","type":"page","link":"https:\/\/ykhimmo.com\/promotion-immobiliere-tunisie?page_id=931","title":{"rendered":"YKH Immobili\u00e8re"},"content":{"rendered":"<div class=\"one_half\"><a href=\"http:\/\/ykhimmo.com\/promotion-immobiliere-tunisie\/wp-content\/uploads\/2013\/03\/remise-cles.jpg\"><img decoding=\"async\" loading=\"lazy\" class=\"alignnone wp-image-2359 size-full\" src=\"http:\/\/ykhimmo.com\/promotion-immobiliere-tunisie\/wp-content\/uploads\/2013\/03\/remise-cles.jpg\" alt=\"\" width=\"430\" height=\"230\" srcset=\"https:\/\/ykhimmo.com\/promotion-immobiliere-tunisie\/wp-content\/uploads\/2013\/03\/remise-cles.jpg 430w, https:\/\/ykhimmo.com\/promotion-immobiliere-tunisie\/wp-content\/uploads\/2013\/03\/remise-cles-300x160.jpg 300w\" sizes=\"(max-width: 430px) 100vw, 430px\" \/><\/a><\/div>\n<div class=\"one_half last\">\n<div class=\"gap\" style=\"height: 10px;\"><\/div>\n<h3>La soci\u00e9t\u00e9 YKH IMMOBILIERE<\/h3>\n<p>Est une S.A.R.L au capital de 6 550 000 Dinars, agr\u00e9\u00e9 par le minist\u00e8re de l&rsquo;\u00e9quipement et d&rsquo;habitat depuis le 06 Mars 2009 ayant pour activit\u00e9 de d\u00e9veloppement et la construction des projets immobiliers.<\/p>\n<p>Un nouveau-n\u00e9 vient de s&rsquo;ajouter aux filiales du groupe Hamila son objectif, est de cr\u00e9er et construire des lieux de vie, sources de bien-\u00eatre et de bonheur \u00e0 <em><strong>la hauteur de vos esp\u00e9rances<\/strong><\/em>.<\/p>\n<p><a href=\"?page_id=1348\" target=\"_self\" class=\" button white medium\" rel=\"slides[buttonlightbox]\">Contactez nous!<\/a> <\/div>\n<div class=\"clear\"><\/div>\n<div class=\"hr hr1\" style='margin:10px 0 20px 0 !important;'><\/div>\n<div class=\"section section-parallax\" style=\"background-color: #f9f9f9; border: none; padding: 100px 0; background-image: url(http:\/\/ykhimmo.com\/promotion-immobiliere-tunisie\/wp-content\/uploads\/2014\/07\/parallex.jpg);\">\n<div class=\"container clearfix\">\n<div class=\"sixteen columns\">\n<a href=\"http:\/\/ykhimmo.com\/promotion-immobiliere-tunisie\/wp-content\/uploads\/2014\/05\/LogoYKHimmo11.gif\"><img decoding=\"async\" loading=\"lazy\" class=\"size-full wp-image-2644 aligncenter\" src=\"http:\/\/ykhimmo.com\/promotion-immobiliere-tunisie\/wp-content\/uploads\/2014\/05\/LogoYKHimmo11.gif\" alt=\"LogoYKHimmo1\" width=\"113\" height=\"113\" srcset=\"https:\/\/ykhimmo.com\/promotion-immobiliere-tunisie\/wp-content\/uploads\/2014\/05\/LogoYKHimmo11.gif 113w, https:\/\/ykhimmo.com\/promotion-immobiliere-tunisie\/wp-content\/uploads\/2014\/05\/LogoYKHimmo11-60x60.gif 60w\" sizes=\"(max-width: 113px) 100vw, 113px\" \/><\/a>\n<\/div>\n<\/div>\n<\/div>\n<div class=\"hr hr1\" style='margin:10px 0 30px 0 !important;'><\/div>\n<p>Afin d&rsquo;atteindre ce but, nos \u00e9quipes hautement qualifi\u00e9es mettent en oeuvre une strat\u00e9gie claire de d\u00e9veloppement bas\u00e9e sur la cr\u00e9ativit\u00e9, la responsabilit\u00e9, la confiance et le respect des engagements mais aussi en faisant appel \u00e0 des comp\u00e9tences avanc\u00e9s sur le march\u00e9. Cette strat\u00e9gie s&rsquo;allie \u00e0 une politique rigoureuse et ambitieuse visant \u00e0 la r\u00e9alisation des meilleurs produits immobiliers avec un bon rapport qualit\u00e9\/prix.<\/p>\n<p>L&rsquo;objectif majeur de notre \u00e9quipe est d&rsquo;apporter qualit\u00e9 et satisfaction aux clients qui nous font confiance.<\/p>\n","protected":false},"excerpt":{"rendered":"<p>La soci\u00e9t\u00e9 YKH IMMOBILIERE Est une S.A.R.L au capital de 6 550 000 Dinars, agr\u00e9\u00e9 par le minist\u00e8re de l&rsquo;\u00e9quipement et d&rsquo;habitat depuis le 06 Mars 2009 ayant pour activit\u00e9\u2026 <a href=\"https:\/\/ykhimmo.com\/promotion-immobiliere-tunisie?page_id=931\" class=\"read-more-link\">read more &rarr;<\/a><\/p>\n","protected":false},"author":1,"featured_media":0,"parent":0,"menu_order":0,"comment_status":"open","ping_status":"open","template":"page-fullwidth.php","meta":[],"_links":{"self":[{"href":"https:\/\/ykhimmo.com\/promotion-immobiliere-tunisie\/index.php?rest_route=\/wp\/v2\/pages\/931"}],"collection":[{"href":"https:\/\/ykhimmo.com\/promotion-immobiliere-tunisie\/index.php?rest_route=\/wp\/v2\/pages"}],"about":[{"href":"https:\/\/ykhimmo.com\/promotion-immobiliere-tunisie\/index.php?rest_route=\/wp\/v2\/types\/page"}],"author":[{"embeddable":true,"href":"https:\/\/ykhimmo.com\/promotion-immobiliere-tunisie\/index.php?rest_route=\/wp\/v2\/users\/1"}],"replies":[{"embeddable":true,"href":"https:\/\/ykhimmo.com\/promotion-immobiliere-tunisie\/index.php?rest_route=%2Fwp%2Fv2%2Fcomments&post=931"}],"version-history":[{"count":50,"href":"https:\/\/ykhimmo.com\/promotion-immobiliere-tunisie\/index.php?rest_route=\/wp\/v2\/pages\/931\/revisions"}],"predecessor-version":[{"id":3400,"href":"https:\/\/ykhimmo.com\/promotion-immobiliere-tunisie\/index.php?rest_route=\/wp\/v2\/pages\/931\/revisions\/3400"}],"wp:attachment":[{"href":"https:\/\/ykhimmo.com\/promotion-immobiliere-tunisie\/index.php?rest_route=%2Fwp%2Fv2%2Fmedia&parent=931"}],"curies":[{"name":"wp","href":"https:\/\/api.w.org\/{rel}","templated":true}]}}