{"id":3479,"date":"2014-08-30T12:45:31","date_gmt":"2014-08-30T11:45:31","guid":{"rendered":"http:\/\/ykhimmo.com\/promotion-immobiliere-tunisie\/?page_id=3479"},"modified":"2014-08-30T12:45:31","modified_gmt":"2014-08-30T11:45:31","slug":"siege-administratif-et-duty-free-shop","status":"publish","type":"page","link":"https:\/\/ykhimmo.com\/promotion-immobiliere-tunisie?page_id=3479","title":{"rendered":"Si\u00e8ge administratif et Duty Free Shop"},"content":{"rendered":"<div class=\"one_half\">\n<h3>Si\u00e8ge administratif et Duty Free Shop<\/h3>\n<p>Projet de tr\u00e8s haut standing r\u00e9alis\u00e9 et g\u00e9r\u00e9 pour le compte de la Soci\u00e9t\u00e9 Hamila pour le Commerce et l\u2019industrie filiale du groupe Hamila. Immeuble \u00e0 usage de bureaux et show room d\u2019une superficie de 11 000 m\u00b2 en R+3 dont<\/p>\n<ul>\n<li>une salle de vente avec d\u00e9p\u00f4t de 3 000 m\u00b2,<\/li>\n<li>une administration de 4 000 m\u00b2 et<\/li>\n<li>un sous sol de 4 000 m\u00b2<\/li>\n<\/ul>\n<p>Immeuble achev\u00e9 en 2007 et occup\u00e9 par les filiales du groupe Hamila Co\u00fbt du projet : 7 MDT<\/p>\n<\/div>\n<div class=\"one_half last\">\n<p><span class=\"responsive\"><a href=\"http:\/\/ykhimmo.com\/promotion-immobiliere-tunisie\/wp-content\/uploads\/2014\/08\/siege.jpg\"><img decoding=\"async\" loading=\"lazy\" class=\"aligncenter size-full wp-image-3481\" src=\"http:\/\/ykhimmo.com\/promotion-immobiliere-tunisie\/wp-content\/uploads\/2014\/08\/siege.jpg\" alt=\"siege\" width=\"290\" height=\"194\" \/><\/a><\/span><\/p>\n<\/div>\n<div class=\"clear\"><\/div>\n","protected":false},"excerpt":{"rendered":"<p>Si\u00e8ge administratif et Duty Free Shop Projet de tr\u00e8s haut standing r\u00e9alis\u00e9 et g\u00e9r\u00e9 pour le compte de la Soci\u00e9t\u00e9 Hamila pour le Commerce et l\u2019industrie filiale du groupe Hamila.\u2026 <a href=\"https:\/\/ykhimmo.com\/promotion-immobiliere-tunisie?page_id=3479\" class=\"read-more-link\">read more &rarr;<\/a><\/p>\n","protected":false},"author":1,"featured_media":0,"parent":0,"menu_order":0,"comment_status":"open","ping_status":"open","template":"","meta":[],"_links":{"self":[{"href":"https:\/\/ykhimmo.com\/promotion-immobiliere-tunisie\/index.php?rest_route=\/wp\/v2\/pages\/3479"}],"collection":[{"href":"https:\/\/ykhimmo.com\/promotion-immobiliere-tunisie\/index.php?rest_route=\/wp\/v2\/pages"}],"about":[{"href":"https:\/\/ykhimmo.com\/promotion-immobiliere-tunisie\/index.php?rest_route=\/wp\/v2\/types\/page"}],"author":[{"embeddable":true,"href":"https:\/\/ykhimmo.com\/promotion-immobiliere-tunisie\/index.php?rest_route=\/wp\/v2\/users\/1"}],"replies":[{"embeddable":true,"href":"https:\/\/ykhimmo.com\/promotion-immobiliere-tunisie\/index.php?rest_route=%2Fwp%2Fv2%2Fcomments&post=3479"}],"version-history":[{"count":2,"href":"https:\/\/ykhimmo.com\/promotion-immobiliere-tunisie\/index.php?rest_route=\/wp\/v2\/pages\/3479\/revisions"}],"predecessor-version":[{"id":3482,"href":"https:\/\/ykhimmo.com\/promotion-immobiliere-tunisie\/index.php?rest_route=\/wp\/v2\/pages\/3479\/revisions\/3482"}],"wp:attachment":[{"href":"https:\/\/ykhimmo.com\/promotion-immobiliere-tunisie\/index.php?rest_route=%2Fwp%2Fv2%2Fmedia&parent=3479"}],"curies":[{"name":"wp","href":"https:\/\/api.w.org\/{rel}","templated":true}]}}