{"id":3218,"date":"2014-06-27T09:30:37","date_gmt":"2014-06-27T08:30:37","guid":{"rendered":"http:\/\/ykhimmo.com\/promotion-immobiliere-tunisie\/?page_id=3218"},"modified":"2014-07-17T10:21:50","modified_gmt":"2014-07-17T09:21:50","slug":"lotissement","status":"publish","type":"page","link":"https:\/\/ykhimmo.com\/promotion-immobiliere-tunisie?page_id=3218","title":{"rendered":"Plan lotissement Soukra City"},"content":{"rendered":"<p><a href=\"http:\/\/ykhimmo.com\/promotion-immobiliere-tunisie\/wp-content\/uploads\/2014\/05\/plan-de-lotissement2.jpg\"><img decoding=\"async\" loading=\"lazy\" class=\"alignnone wp-image-2562 \" src=\"http:\/\/ykhimmo.com\/promotion-immobiliere-tunisie\/wp-content\/uploads\/2014\/05\/plan-de-lotissement2.jpg\" alt=\"\" width=\"938\" height=\"596\" srcset=\"https:\/\/ykhimmo.com\/promotion-immobiliere-tunisie\/wp-content\/uploads\/2014\/05\/plan-de-lotissement2.jpg 1500w, https:\/\/ykhimmo.com\/promotion-immobiliere-tunisie\/wp-content\/uploads\/2014\/05\/plan-de-lotissement2-300x190.jpg 300w, https:\/\/ykhimmo.com\/promotion-immobiliere-tunisie\/wp-content\/uploads\/2014\/05\/plan-de-lotissement2-1024x651.jpg 1024w\" sizes=\"(max-width: 938px) 100vw, 938px\" \/><\/a><\/p>\n<div class=\"hr hr1\" style='margin:20px 0 20px 0 !important;'><\/div>\n<p>Situ\u00e9 \u00e0 l&rsquo;entr\u00e9e de la route de la Soukra sur la droite, au Km 1 Avenue de l&rsquo;union du Maghreb Arabe &#8211; GP 10 &#8211; ancien free shop Hamila &#8211; ( <a href=\"http:\/\/ykhimmo.com\/promotion-immobiliere-tunisie\/?page_id=3179\">Voir plan<\/a> ).<\/p>\n<p>Le lotissement b\u00e9n\u00e9ficie d&rsquo;un emplacement strat\u00e9gique de part son acc\u00e8s facile par rapport aux autres lots sur la route de la Soukra et surtout de part sa proximit\u00e9 du centre-ville, de l&rsquo;Ariana, de l&rsquo;A\u00e9roport et de plusieurs art\u00e8res principales dont essentiellement la GP 8 ( Route de Bizerte dans un sens et sortie de Tunis dans l&rsquo;autre sens en passant par la centre-ville ) il sera r\u00e9alis\u00e9 sur un terrain de trois hectares lotis en cinq lots.<\/p>\n<p>Le projet poss\u00e8de d&rsquo;autres atouts, notamment un lin\u00e9aire de fa\u00e7ade tr\u00e8s important (200ml), une profondeur aussi importante lui permettant de cr\u00e9er une petite ville loin du bruit et de la densit\u00e9 urbaine.<\/p>\n","protected":false},"excerpt":{"rendered":"<p>Situ\u00e9 \u00e0 l&rsquo;entr\u00e9e de la route de la Soukra sur la droite, au Km 1 Avenue de l&rsquo;union du Maghreb Arabe &#8211; GP 10 &#8211; ancien free shop Hamila &#8211;\u2026 <a href=\"https:\/\/ykhimmo.com\/promotion-immobiliere-tunisie?page_id=3218\" class=\"read-more-link\">read more &rarr;<\/a><\/p>\n","protected":false},"author":1,"featured_media":0,"parent":0,"menu_order":0,"comment_status":"open","ping_status":"open","template":"","meta":[],"_links":{"self":[{"href":"https:\/\/ykhimmo.com\/promotion-immobiliere-tunisie\/index.php?rest_route=\/wp\/v2\/pages\/3218"}],"collection":[{"href":"https:\/\/ykhimmo.com\/promotion-immobiliere-tunisie\/index.php?rest_route=\/wp\/v2\/pages"}],"about":[{"href":"https:\/\/ykhimmo.com\/promotion-immobiliere-tunisie\/index.php?rest_route=\/wp\/v2\/types\/page"}],"author":[{"embeddable":true,"href":"https:\/\/ykhimmo.com\/promotion-immobiliere-tunisie\/index.php?rest_route=\/wp\/v2\/users\/1"}],"replies":[{"embeddable":true,"href":"https:\/\/ykhimmo.com\/promotion-immobiliere-tunisie\/index.php?rest_route=%2Fwp%2Fv2%2Fcomments&post=3218"}],"version-history":[{"count":7,"href":"https:\/\/ykhimmo.com\/promotion-immobiliere-tunisie\/index.php?rest_route=\/wp\/v2\/pages\/3218\/revisions"}],"predecessor-version":[{"id":3430,"href":"https:\/\/ykhimmo.com\/promotion-immobiliere-tunisie\/index.php?rest_route=\/wp\/v2\/pages\/3218\/revisions\/3430"}],"wp:attachment":[{"href":"https:\/\/ykhimmo.com\/promotion-immobiliere-tunisie\/index.php?rest_route=%2Fwp%2Fv2%2Fmedia&parent=3218"}],"curies":[{"name":"wp","href":"https:\/\/api.w.org\/{rel}","templated":true}]}}