{"id":2975,"date":"2014-06-13T11:16:41","date_gmt":"2014-06-13T10:16:41","guid":{"rendered":"http:\/\/ykhimmo.com\/promotion-immobiliere-tunisie\/?page_id=2975"},"modified":"2014-07-14T11:16:33","modified_gmt":"2014-07-14T10:16:33","slug":"descriptif-commerce","status":"publish","type":"page","link":"https:\/\/ykhimmo.com\/promotion-immobiliere-tunisie?page_id=2975","title":{"rendered":"D\u00e9scriptif Soukra City"},"content":{"rendered":"<p><span style=\"color: #555555;\">\n\t\t\t<!-- START hom REVOLUTION SLIDER 6.7.9 --><p class=\"rs-p-wp-fix\"><\/p>\n\t\t\t<rs-module-wrap id=\"rev_slider_2_1_wrapper\" data-source=\"gallery\" data-aimg=\"\"  style=\"visibility:hidden;background:#ffffff;padding:0;margin:0px auto;margin-top:-5;margin-bottom:0;\">\n\t\t\t\t<rs-module id=\"rev_slider_2_1\" style=\"\" data-version=\"6.7.9\">\n\t\t\t\t\t<rs-slides style=\"overflow: hidden; position: absolute;\">\n\t\t\t\t\t\t<rs-slide style=\"position: absolute;\" data-key=\"rs-60\" data-title=\"Slide\" data-anim=\"d:10;ms:600;f:random;\" data-in=\"prst:rndany;mo:45;moo:none;o:0;y:(100%);r:ran(-45|45);sx:0.8;sy:0.8;col:20;\">\n\t\t\t\t\t\t\t<img src=\"\/\/ykhimmo.com\/promotion-immobiliere-tunisie\/wp-content\/plugins\/revslider\/sr6\/assets\/assets\/dummy.png\" alt=\"Slide\" title=\"D\u00e9scriptif Soukra City\" class=\"rev-slidebg tp-rs-img rs-lazyload\" data-lazyload=\"\/\/ykhimmo.com\/promotion-immobiliere-tunisie\/wp-content\/plugins\/revslider\/sr6\/assets\/assets\/transparent.png\" data-bg=\"p:center top;\" data-no-retina>\n<!--\n\t\t\t\t\t\t\t--><rs-layer\n\t\t\t\t\t\t\t\tid=\"slider-2-slide-60-layer-1\" \n\t\t\t\t\t\t\t\tdata-type=\"image\"\n\t\t\t\t\t\t\t\tdata-rsp_ch=\"on\"\n\t\t\t\t\t\t\t\tdata-xy=\"x:c;y:c;\"\n\t\t\t\t\t\t\t\tdata-dim=\"w:940;h:377;\"\n\t\t\t\t\t\t\t\tdata-frame_1=\"st:500;\"\n\t\t\t\t\t\t\t\tdata-frame_999=\"st:8400;auto:true;\"\n\t\t\t\t\t\t\t\tstyle=\"z-index:5;\"\n\t\t\t\t\t\t\t><img src=\"\/\/ykhimmo.com\/promotion-immobiliere-tunisie\/wp-content\/plugins\/revslider\/sr6\/assets\/assets\/dummy.png\" alt=\"\" class=\"tp-rs-img rs-lazyload\" width=\"940\" height=\"377\" data-lazyload=\"\/\/ykhimmo.com\/promotion-immobiliere-tunisie\/wp-content\/uploads\/2014\/06\/811.jpg\" data-no-retina> \n\t\t\t\t\t\t\t<\/rs-layer><!--\n\n\t\t\t\t\t\t\t--><rs-layer\n\t\t\t\t\t\t\t\tid=\"slider-2-slide-60-layer-2\" \n\t\t\t\t\t\t\t\tclass=\"largegreenbg\"\n\t\t\t\t\t\t\t\tdata-type=\"text\"\n\t\t\t\t\t\t\t\tdata-color=\"#ffffff\"\n\t\t\t\t\t\t\t\tdata-rsp_ch=\"on\"\n\t\t\t\t\t\t\t\tdata-xy=\"x:34px;y:245px;\"\n\t\t\t\t\t\t\t\tdata-text=\"s:30;l:48;fw:600;\"\n\t\t\t\t\t\t\t\tdata-padding=\"r:20;l:20;\"\n\t\t\t\t\t\t\t\tdata-frame_1=\"st:800;\"\n\t\t\t\t\t\t\t\tdata-frame_999=\"st:8400;auto:true;\"\n\t\t\t\t\t\t\t\tstyle=\"z-index:6;background-color:rgba(40,157,204,0.81);font-family:'Trebuchet MS', 'Helvetica', 'sans-serif';text-shadow:none;\"\n\t\t\t\t\t\t\t>SOUKRA CITY \n\t\t\t\t\t\t\t<\/rs-layer><!--\n-->\t\t\t\t\t<\/rs-slide>\n\t\t\t\t\t\t<rs-slide style=\"position: absolute;\" data-key=\"rs-59\" data-title=\"Slide\" data-anim=\"adpr:false;\">\n\t\t\t\t\t\t\t<img src=\"\/\/ykhimmo.com\/promotion-immobiliere-tunisie\/wp-content\/plugins\/revslider\/sr6\/assets\/assets\/dummy.png\" alt=\"\" title=\"D\u00e9scriptif Soukra City\" class=\"rev-slidebg tp-rs-img rs-lazyload\" data-lazyload=\"\/\/ykhimmo.hypergroup.com.tn\/wp-content\/uploads\/2014\/07\/soukra-city-vue-gauche.jpg\" data-no-retina>\n<!---->\t\t\t\t\t<\/rs-slide>\n\t\t\t\t\t\t<rs-slide style=\"position: absolute;\" data-key=\"rs-57\" data-title=\"Slide\" data-filter=\"e:late;g:80;\" data-in=\"prst:rndany;o:0;e:power1.in;\">\n\t\t\t\t\t\t\t<img src=\"\/\/ykhimmo.com\/promotion-immobiliere-tunisie\/wp-content\/plugins\/revslider\/sr6\/assets\/assets\/dummy.png\" alt=\"\" title=\"D\u00e9scriptif Soukra City\" class=\"rev-slidebg tp-rs-img rs-lazyload\" data-lazyload=\"\/\/ykhimmo.hypergroup.com.tn\/wp-content\/uploads\/2014\/06\/32.jpg\" data-bg=\"p:center top;\" data-no-retina>\n<!---->\t\t\t\t\t<\/rs-slide>\n\t\t\t\t\t\t<rs-slide style=\"position: absolute;\" data-key=\"rs-4\" data-title=\"B\" data-anim=\"ms:1500;\" data-in=\"o:0;\" data-out=\"a:false;\" data-d3=\"f:fly;z:400;e:power2.out;su:true;\">\n\t\t\t\t\t\t\t<img src=\"\/\/ykhimmo.com\/promotion-immobiliere-tunisie\/wp-content\/plugins\/revslider\/sr6\/assets\/assets\/dummy.png\" alt=\"B\" title=\"D\u00e9scriptif Soukra City\" class=\"rev-slidebg tp-rs-img rs-lazyload\" data-lazyload=\"\/\/ykhimmo.com\/promotion-immobiliere-tunisie\/wp-content\/plugins\/revslider\/sr6\/assets\/assets\/transparent.png\" data-bg=\"p:center top;\" data-no-retina>\n<!--\n\t\t\t\t\t\t\t--><rs-layer\n\t\t\t\t\t\t\t\tid=\"slider-2-slide-4-layer-1\" \n\t\t\t\t\t\t\t\tdata-type=\"image\"\n\t\t\t\t\t\t\t\tdata-rsp_ch=\"on\"\n\t\t\t\t\t\t\t\tdata-xy=\"x:c;xo:50px;y:c;\"\n\t\t\t\t\t\t\t\tdata-dim=\"w:1303;h:380;\"\n\t\t\t\t\t\t\t\tdata-frame_1=\"st:500;\"\n\t\t\t\t\t\t\t\tdata-frame_999=\"st:8400;auto:true;\"\n\t\t\t\t\t\t\t\tstyle=\"z-index:5;\"\n\t\t\t\t\t\t\t><img src=\"\/\/ykhimmo.com\/promotion-immobiliere-tunisie\/wp-content\/plugins\/revslider\/sr6\/assets\/assets\/dummy.png\" alt=\"\" class=\"tp-rs-img rs-lazyload\" width=\"1303\" height=\"380\" data-lazyload=\"\/\/ykhimmo.com\/promotion-immobiliere-tunisie\/wp-content\/uploads\/revslider\/hom\/soukra-city.jpg\" data-no-retina> \n\t\t\t\t\t\t\t<\/rs-layer><!--\n\n\t\t\t\t\t\t\t--><rs-layer\n\t\t\t\t\t\t\t\tid=\"slider-2-slide-4-layer-2\" \n\t\t\t\t\t\t\t\tclass=\"largeblackbg\"\n\t\t\t\t\t\t\t\tdata-type=\"text\"\n\t\t\t\t\t\t\t\tdata-color=\"#ffffff\"\n\t\t\t\t\t\t\t\tdata-rsp_ch=\"on\"\n\t\t\t\t\t\t\t\tdata-xy=\"x:12px;y:323px;\"\n\t\t\t\t\t\t\t\tdata-text=\"s:26;l:43;fw:100;\"\n\t\t\t\t\t\t\t\tdata-padding=\"r:20;l:20;\"\n\t\t\t\t\t\t\t\tdata-frame_1=\"st:800;sp:1000;\"\n\t\t\t\t\t\t\t\tdata-frame_999=\"e:nothing;st:8980;sp:10;\"\n\t\t\t\t\t\t\t\tstyle=\"z-index:6;background-color:rgba(13,29,52,0.75);font-family:'Lucida Sans Unicode', 'Lucida Grande', 'sans-serif';text-shadow:none;\"\n\t\t\t\t\t\t\t>Soukra CITY \n\t\t\t\t\t\t\t<\/rs-layer><!--\n-->\t\t\t\t\t<\/rs-slide>\n\t\t\t\t\t\t<rs-slide style=\"position: absolute;\" data-key=\"rs-28\" data-title=\"D\" data-anim=\"ms:300;f:center;\" data-in=\"y:(-100%);row:7;col:5;\">\n\t\t\t\t\t\t\t<img src=\"\/\/ykhimmo.com\/promotion-immobiliere-tunisie\/wp-content\/plugins\/revslider\/sr6\/assets\/assets\/dummy.png\" alt=\"\" title=\"D\u00e9scriptif Soukra City\" class=\"rev-slidebg tp-rs-img rs-lazyload\" data-lazyload=\"\/\/ykhimmo.hypergroup.com.tn\/wp-content\/uploads\/2014\/06\/221.jpg\" data-bg=\"p:center top;\" data-no-retina>\n<!---->\t\t\t\t\t<\/rs-slide>\n\t\t\t\t\t\t<rs-slide style=\"position: absolute;\" data-key=\"rs-32\" data-title=\"H\" data-in=\"prst:rndany;y:100%;\" data-out=\"a:false;\" data-alttrans=\"fadetorightfadefromleft\">\n\t\t\t\t\t\t\t<img src=\"\/\/ykhimmo.com\/promotion-immobiliere-tunisie\/wp-content\/plugins\/revslider\/sr6\/assets\/assets\/dummy.png\" alt=\"\" title=\"D\u00e9scriptif Soukra City\" class=\"rev-slidebg tp-rs-img rs-lazyload\" data-lazyload=\"\/\/ykhimmo.hypergroup.com.tn\/wp-content\/uploads\/2014\/06\/611.jpg\" data-bg=\"p:center top;\" data-no-retina>\n<!---->\t\t\t\t\t<\/rs-slide>\n\t\t\t\t\t\t<rs-slide style=\"position: absolute;\" data-key=\"rs-33\" data-title=\"I\" data-anim=\"ms:300;f:end;\" data-in=\"y:(-100%);row:7;col:5;\">\n\t\t\t\t\t\t\t<img src=\"\/\/ykhimmo.com\/promotion-immobiliere-tunisie\/wp-content\/plugins\/revslider\/sr6\/assets\/assets\/dummy.png\" alt=\"\" title=\"D\u00e9scriptif Soukra City\" class=\"rev-slidebg tp-rs-img rs-lazyload\" data-lazyload=\"\/\/ykhimmo.hypergroup.com.tn\/wp-content\/uploads\/2014\/06\/YKH-Banner.jpg\" data-bg=\"p:center top;\" data-no-retina>\n<!---->\t\t\t\t\t<\/rs-slide>\n\t\t\t\t\t\t<rs-slide style=\"position: absolute;\" data-key=\"rs-31\" data-title=\"J\" data-anim=\"ms:900;\" data-in=\"x:-100%;\" data-out=\"sx:0.85;sy:0.85;\">\n\t\t\t\t\t\t\t<img src=\"\/\/ykhimmo.com\/promotion-immobiliere-tunisie\/wp-content\/plugins\/revslider\/sr6\/assets\/assets\/dummy.png\" alt=\"\" title=\"D\u00e9scriptif Soukra City\" class=\"rev-slidebg tp-rs-img rs-lazyload\" data-lazyload=\"\/\/ykhimmo.hypergroup.com.tn\/wp-content\/uploads\/2014\/06\/531.jpg\" data-bg=\"p:center top;\" data-no-retina>\n<!---->\t\t\t\t\t<\/rs-slide>\n\t\t\t\t\t\t<rs-slide style=\"position: absolute;\" data-key=\"rs-29\" data-title=\"E\" data-anim=\"ms:300;\" data-in=\"o:1;x:-100%;\" data-out=\"x:60%;\">\n\t\t\t\t\t\t\t<img src=\"\/\/ykhimmo.com\/promotion-immobiliere-tunisie\/wp-content\/plugins\/revslider\/sr6\/assets\/assets\/dummy.png\" alt=\"\" title=\"D\u00e9scriptif Soukra City\" class=\"rev-slidebg tp-rs-img rs-lazyload\" data-lazyload=\"\/\/ykhimmo.hypergroup.com.tn\/wp-content\/uploads\/2014\/06\/121.jpg\" data-bg=\"p:center top;\" data-no-retina>\n<!---->\t\t\t\t\t<\/rs-slide>\n\t\t\t\t\t\t<rs-slide style=\"position: absolute;\" data-key=\"rs-30\" data-title=\"F\" data-anim=\"ms:900;\" data-in=\"o:0;\" data-out=\"a:false;\" data-d3=\"f:cube;d:vertical;z:400;su:true;sma:1;\">\n\t\t\t\t\t\t\t<img src=\"\/\/ykhimmo.com\/promotion-immobiliere-tunisie\/wp-content\/plugins\/revslider\/sr6\/assets\/assets\/dummy.png\" alt=\"\" title=\"D\u00e9scriptif Soukra City\" class=\"rev-slidebg tp-rs-img rs-lazyload\" data-lazyload=\"\/\/ykhimmo.hypergroup.com.tn\/wp-content\/uploads\/2014\/06\/421.jpg\" data-bg=\"p:center top;\" data-no-retina>\n<!---->\t\t\t\t\t<\/rs-slide>\n\t\t\t\t\t\t<rs-slide style=\"position: absolute;\" data-key=\"rs-58\" data-title=\"Slide\" data-anim=\"adpr:false;\">\n\t\t\t\t\t\t\t<img src=\"\/\/ykhimmo.com\/promotion-immobiliere-tunisie\/wp-content\/plugins\/revslider\/sr6\/assets\/assets\/dummy.png\" alt=\"\" title=\"D\u00e9scriptif Soukra City\" class=\"rev-slidebg tp-rs-img rs-lazyload\" data-lazyload=\"\/\/ykhimmo.hypergroup.com.tn\/wp-content\/uploads\/2014\/07\/cuisine.jpg\" data-no-retina>\n<!---->\t\t\t\t\t<\/rs-slide>\n\t\t\t\t\t<\/rs-slides>\n\t\t\t\t<\/rs-module>\n\t\t\t\t<script>\n\t\t\t\t\tsetREVStartSize({c: 'rev_slider_2_1',rl:[1240,1024,778,480],el:[],gw:[940],gh:[330],type:'standard',justify:'',layout:'fullwidth',mh:\"0\"});if (window.RS_MODULES!==undefined && window.RS_MODULES.modules!==undefined && window.RS_MODULES.modules[\"revslider21\"]!==undefined) {window.RS_MODULES.modules[\"revslider21\"].once = false;window.revapi2 = undefined;if (window.RS_MODULES.checkMinimal!==undefined) window.RS_MODULES.checkMinimal()}\n\t\t\t\t<\/script>\n\t\t\t<\/rs-module-wrap>\n\t\t\t<!-- END REVOLUTION SLIDER -->\n<\/p>\n<div class=\"gap\" style=\"height: 20px;\"><\/div>\n<p><\/span> <\/p>\n<div class=\"section \" style=\"background-color: #ffffff; border: none; padding: ; \">\n<div class=\"container clearfix\">\n<div class=\"sixteen columns\">\n<h3 class=\"title\"><span>D\u00e9scription<\/span><\/h3>\n<div class=\"gap\" style=\"height: 20px;\"><\/div>\n<div class=\"two_third\"> Gr\u00e2ce \u00e0 leurs lignes \u00e9pur\u00e9es et luxueuses, les appartements s&rsquo;int\u00e8grent parfaitement \u00e0 leur environment urbain. D\u00e9couvrez une architecture innovante et audacieuse dans un espace priv\u00e9 enti\u00e8rement clos et s\u00e9curis\u00e9. Son architecture moderne conf\u00e8re \u00e0 l&rsquo;ensemble de la r\u00e9sidence une identit\u00e9 \u00e0 part et offre un cadre de vie harmonieux, agr\u00e9able et confortable. La premi\u00e8re tranche est un complexe commercial et r\u00e9sidentiel compos\u00e9e de:<\/p>\n<ul class=\"styled-list\">\n<li><i class=\"icon-ok\"><\/i>30 appartements r\u00e9partis en 4 blocs: 6 s+1, 6 s+2 et 18 s+3.<\/li>\n<li><i class=\"icon-ok\"><\/i>Une moyenne surface alimentaire.<\/li>\n<li><i class=\"icon-ok\"><\/i>Boutiques.<\/li>\n<\/ul>\n<div class=\"gap\" style=\"height: 20px;\"><\/div>\n<p> Avec une architecture sobre,\u00a0<strong>SOUKRA CITY<\/strong>\u00a0vos offres des appartements bien orient\u00e9s et bien ensoleill\u00e9s qui marient parfaitement entre simplicit\u00e9 et modernit\u00e9 ce qui les rend tr\u00e8s agr\u00e9ables \u00e0 vivre.<\/p>\n<p><a id=\"brochure\" name=\"brochure\"><\/a><\/p>\n<\/div>\n<div class=\"one_third last\">\n<ul class=\"styled-list\">\n<li><i class=\"icon-circle-arrow-right\"><\/i>Ascenseur dans chaque bloc.<\/li>\n<li><i class=\"icon-circle-arrow-right\"><\/i>Porte d&rsquo;entr\u00e9e blind\u00e9e.<\/li>\n<li><i class=\"icon-circle-arrow-right\"><\/i>Portes int\u00e9rieures en bois noble.<\/li>\n<li><i class=\"icon-circle-arrow-right\"><\/i>Fen\u00eatres en aluminium avec double vitrage.<\/li>\n<li><i class=\"icon-circle-arrow-right\"><\/i>Volets roulants \u00e9lectriques centralis\u00e9s.<\/li>\n<li><i class=\"icon-circle-arrow-right\"><\/i>Dressings agenc\u00e9s.<\/li>\n<li><i class=\"icon-circle-arrow-right\"><\/i>Cuisine agenc\u00e9s et \u00e9quip\u00e9e.<\/li>\n<li><i class=\"icon-circle-arrow-right\"><\/i>Rev\u00eatement mural import\u00e9.<\/li>\n<li><i class=\"icon-circle-arrow-right\"><\/i>Sanitaires et robinetteries: 1er choix.<\/li>\n<li><i class=\"icon-circle-arrow-right\"><\/i>Climatisation centrale par multi-split syst\u00e8me.<\/li>\n<li><i class=\"icon-circle-arrow-right\"><\/i>Chauffage centrale command\u00e9.<\/li>\n<li><i class=\"icon-circle-arrow-right\"><\/i>T\u00e9l\u00e9distribution num\u00e9rique.<\/li>\n<li><i class=\"icon-circle-arrow-right\"><\/i>Syst\u00e8me d&rsquo;alarme individuel.<\/li>\n<li><i class=\"icon-circle-arrow-right\"><\/i>Vid\u00e9ophone\/Acc\u00e8s s\u00e9curise<\/li>\n<li><i class=\"icon-circle-arrow-right\"><\/i>Service vigilance assur\u00e9 24h\/24h.<\/li>\n<\/ul>\n<\/div>\n<div class=\"clear\"><\/div>\n<\/div>\n<\/div>\n<\/div>\n<div class=\"section \" style=\"background-color: #ffffff; border: none; padding: ; \">\n<div class=\"container clearfix\">\n<div class=\"sixteen columns\">\n<div class=\"gap\" style=\"height: 20px;\"><\/div>\n<\/div>\n<\/div>\n<\/div>\n","protected":false},"excerpt":{"rendered":"<p>D\u00e9scription Gr\u00e2ce \u00e0 leurs lignes \u00e9pur\u00e9es et luxueuses, les appartements s&rsquo;int\u00e8grent parfaitement \u00e0 leur environment urbain. D\u00e9couvrez une architecture innovante et audacieuse dans un espace priv\u00e9 enti\u00e8rement clos et s\u00e9curis\u00e9.\u2026 <a href=\"https:\/\/ykhimmo.com\/promotion-immobiliere-tunisie?page_id=2975\" class=\"read-more-link\">read more &rarr;<\/a><\/p>\n","protected":false},"author":1,"featured_media":0,"parent":0,"menu_order":0,"comment_status":"open","ping_status":"open","template":"page-section.php","meta":[],"_links":{"self":[{"href":"https:\/\/ykhimmo.com\/promotion-immobiliere-tunisie\/index.php?rest_route=\/wp\/v2\/pages\/2975"}],"collection":[{"href":"https:\/\/ykhimmo.com\/promotion-immobiliere-tunisie\/index.php?rest_route=\/wp\/v2\/pages"}],"about":[{"href":"https:\/\/ykhimmo.com\/promotion-immobiliere-tunisie\/index.php?rest_route=\/wp\/v2\/types\/page"}],"author":[{"embeddable":true,"href":"https:\/\/ykhimmo.com\/promotion-immobiliere-tunisie\/index.php?rest_route=\/wp\/v2\/users\/1"}],"replies":[{"embeddable":true,"href":"https:\/\/ykhimmo.com\/promotion-immobiliere-tunisie\/index.php?rest_route=%2Fwp%2Fv2%2Fcomments&post=2975"}],"version-history":[{"count":34,"href":"https:\/\/ykhimmo.com\/promotion-immobiliere-tunisie\/index.php?rest_route=\/wp\/v2\/pages\/2975\/revisions"}],"predecessor-version":[{"id":3418,"href":"https:\/\/ykhimmo.com\/promotion-immobiliere-tunisie\/index.php?rest_route=\/wp\/v2\/pages\/2975\/revisions\/3418"}],"wp:attachment":[{"href":"https:\/\/ykhimmo.com\/promotion-immobiliere-tunisie\/index.php?rest_route=%2Fwp%2Fv2%2Fmedia&parent=2975"}],"curies":[{"name":"wp","href":"https:\/\/api.w.org\/{rel}","templated":true}]}}