{"id":2630,"date":"2014-05-29T09:29:22","date_gmt":"2014-05-29T08:29:22","guid":{"rendered":"http:\/\/localhost\/ykhimmo\/?page_id=2630"},"modified":"2014-09-11T16:47:17","modified_gmt":"2014-09-11T15:47:17","slug":"chotrana-soukra-city","status":"publish","type":"page","link":"https:\/\/ykhimmo.com\/promotion-immobiliere-tunisie?page_id=2630","title":{"rendered":"Chotrana Soukra City"},"content":{"rendered":"<p>Notre projet \u00e0 Chotrana 1, sera r\u00e9alis\u00e9 sur un terrain de 24 000 m\u00b2 loti et construit par notre groupe, il se composera de duplex et de diff\u00e9rents types d\u2019appartements \u00e0 usage d\u2019habitation et de tr\u00e8s haut standing en R+2.<\/p>\n<p><span class=\"responsive\"><\/p>\n<p><a href=\"http:\/\/ykhimmo.com\/promotion-immobiliere-tunisie\/wp-content\/uploads\/2014\/07\/Terrain-Choutrana-YKH.jpg\"><img decoding=\"async\" loading=\"lazy\" class=\"aligncenter size-full wp-image-3454\" src=\"http:\/\/ykhimmo.com\/promotion-immobiliere-tunisie\/wp-content\/uploads\/2014\/07\/Terrain-Choutrana-YKH.jpg\" alt=\"Terrain-Choutrana-YKH\" width=\"935\" height=\"518\" srcset=\"https:\/\/ykhimmo.com\/promotion-immobiliere-tunisie\/wp-content\/uploads\/2014\/07\/Terrain-Choutrana-YKH.jpg 935w, https:\/\/ykhimmo.com\/promotion-immobiliere-tunisie\/wp-content\/uploads\/2014\/07\/Terrain-Choutrana-YKH-300x166.jpg 300w\" sizes=\"(max-width: 935px) 100vw, 935px\" \/><\/a><\/p>\n<p><\/span><\/p>\n","protected":false},"excerpt":{"rendered":"<p>Notre projet \u00e0 Chotrana 1, sera r\u00e9alis\u00e9 sur un terrain de 24 000 m\u00b2 loti et construit par notre groupe, il se composera de duplex et de diff\u00e9rents types d\u2019appartements\u2026 <a href=\"https:\/\/ykhimmo.com\/promotion-immobiliere-tunisie?page_id=2630\" class=\"read-more-link\">read more &rarr;<\/a><\/p>\n","protected":false},"author":1,"featured_media":0,"parent":0,"menu_order":0,"comment_status":"open","ping_status":"open","template":"","meta":[],"_links":{"self":[{"href":"https:\/\/ykhimmo.com\/promotion-immobiliere-tunisie\/index.php?rest_route=\/wp\/v2\/pages\/2630"}],"collection":[{"href":"https:\/\/ykhimmo.com\/promotion-immobiliere-tunisie\/index.php?rest_route=\/wp\/v2\/pages"}],"about":[{"href":"https:\/\/ykhimmo.com\/promotion-immobiliere-tunisie\/index.php?rest_route=\/wp\/v2\/types\/page"}],"author":[{"embeddable":true,"href":"https:\/\/ykhimmo.com\/promotion-immobiliere-tunisie\/index.php?rest_route=\/wp\/v2\/users\/1"}],"replies":[{"embeddable":true,"href":"https:\/\/ykhimmo.com\/promotion-immobiliere-tunisie\/index.php?rest_route=%2Fwp%2Fv2%2Fcomments&post=2630"}],"version-history":[{"count":7,"href":"https:\/\/ykhimmo.com\/promotion-immobiliere-tunisie\/index.php?rest_route=\/wp\/v2\/pages\/2630\/revisions"}],"predecessor-version":[{"id":3507,"href":"https:\/\/ykhimmo.com\/promotion-immobiliere-tunisie\/index.php?rest_route=\/wp\/v2\/pages\/2630\/revisions\/3507"}],"wp:attachment":[{"href":"https:\/\/ykhimmo.com\/promotion-immobiliere-tunisie\/index.php?rest_route=%2Fwp%2Fv2%2Fmedia&parent=2630"}],"curies":[{"name":"wp","href":"https:\/\/api.w.org\/{rel}","templated":true}]}}