{"id":2628,"date":"2014-05-29T09:28:43","date_gmt":"2014-05-29T08:28:43","guid":{"rendered":"http:\/\/localhost\/ykhimmo\/?page_id=2628"},"modified":"2014-09-05T11:08:28","modified_gmt":"2014-09-05T10:08:28","slug":"3eme-tranche","status":"publish","type":"page","link":"https:\/\/ykhimmo.com\/promotion-immobiliere-tunisie?page_id=2628","title":{"rendered":"3 \u00e9me tranche Soukra City"},"content":{"rendered":"<p style=\"text-align: justify;\">Les \u00e9tudes de la 3\u00e8me tranche de soukra city d\u00e9marreront d\u2019ici d\u00e9but 2016, elle sera r\u00e9alis\u00e9e sur le lot 5 en R+4.<br \/>\nElle sera compos\u00e9e exclusivement par des appartements \u00e0 usage d\u2019habitation s+1, s+2, s+3 et probablement quelques S+4 et duplex avec des places de parking au sous-sol et des celliers.<br \/>\nLes travaux d\u00e9buteront d\u00e8s l\u2019ach\u00e8vement de la 2\u00e8me tranche .<\/p>\n<p style=\"text-align: justify;\">\n<p><span class=\"responsive\"><br \/>\n<img decoding=\"async\" loading=\"lazy\" class=\"aligncenter size-full wp-image-3439\" src=\"http:\/\/ykhimmo.com\/promotion-immobiliere-tunisie\/wp-content\/uploads\/2014\/07\/lot-5.jpg\" alt=\"lot-5\" width=\"1500\" height=\"954\" srcset=\"https:\/\/ykhimmo.com\/promotion-immobiliere-tunisie\/wp-content\/uploads\/2014\/07\/lot-5.jpg 1500w, https:\/\/ykhimmo.com\/promotion-immobiliere-tunisie\/wp-content\/uploads\/2014\/07\/lot-5-300x190.jpg 300w, https:\/\/ykhimmo.com\/promotion-immobiliere-tunisie\/wp-content\/uploads\/2014\/07\/lot-5-1024x651.jpg 1024w\" sizes=\"(max-width: 1500px) 100vw, 1500px\" \/><br \/>\n<\/span><\/p>\n","protected":false},"excerpt":{"rendered":"<p>Les \u00e9tudes de la 3\u00e8me tranche de soukra city d\u00e9marreront d\u2019ici d\u00e9but 2016, elle sera r\u00e9alis\u00e9e sur le lot 5 en R+4. Elle sera compos\u00e9e exclusivement par des appartements \u00e0\u2026 <a href=\"https:\/\/ykhimmo.com\/promotion-immobiliere-tunisie?page_id=2628\" class=\"read-more-link\">read more &rarr;<\/a><\/p>\n","protected":false},"author":1,"featured_media":0,"parent":0,"menu_order":0,"comment_status":"open","ping_status":"open","template":"","meta":[],"_links":{"self":[{"href":"https:\/\/ykhimmo.com\/promotion-immobiliere-tunisie\/index.php?rest_route=\/wp\/v2\/pages\/2628"}],"collection":[{"href":"https:\/\/ykhimmo.com\/promotion-immobiliere-tunisie\/index.php?rest_route=\/wp\/v2\/pages"}],"about":[{"href":"https:\/\/ykhimmo.com\/promotion-immobiliere-tunisie\/index.php?rest_route=\/wp\/v2\/types\/page"}],"author":[{"embeddable":true,"href":"https:\/\/ykhimmo.com\/promotion-immobiliere-tunisie\/index.php?rest_route=\/wp\/v2\/users\/1"}],"replies":[{"embeddable":true,"href":"https:\/\/ykhimmo.com\/promotion-immobiliere-tunisie\/index.php?rest_route=%2Fwp%2Fv2%2Fcomments&post=2628"}],"version-history":[{"count":13,"href":"https:\/\/ykhimmo.com\/promotion-immobiliere-tunisie\/index.php?rest_route=\/wp\/v2\/pages\/2628\/revisions"}],"predecessor-version":[{"id":3493,"href":"https:\/\/ykhimmo.com\/promotion-immobiliere-tunisie\/index.php?rest_route=\/wp\/v2\/pages\/2628\/revisions\/3493"}],"wp:attachment":[{"href":"https:\/\/ykhimmo.com\/promotion-immobiliere-tunisie\/index.php?rest_route=%2Fwp%2Fv2%2Fmedia&parent=2628"}],"curies":[{"name":"wp","href":"https:\/\/api.w.org\/{rel}","templated":true}]}}