{"id":2626,"date":"2014-05-29T09:21:48","date_gmt":"2014-05-29T08:21:48","guid":{"rendered":"http:\/\/localhost\/ykhimmo\/?page_id=2626"},"modified":"2014-09-09T10:13:06","modified_gmt":"2014-09-09T09:13:06","slug":"2eme-tranche","status":"publish","type":"page","link":"https:\/\/ykhimmo.com\/promotion-immobiliere-tunisie?page_id=2626","title":{"rendered":"2 \u00e9me tranche Soukra City"},"content":{"rendered":"<p style=\"text-align: justify;\">Les \u00e9tudes de la 2\u00e8me tranche de soukra city sont en cours d\u2019ach\u00e8vement, cette tranche sera r\u00e9alis\u00e9e sur le lot 3 en R+4 et sur le lot 4 en R+3.<br \/>\nElle sera compos\u00e9e exclusivement par des appartements \u00e0 usage d\u2019habitation ( s+1, s+2, s+3\u00a0et S+4) avec des places de parking au sous-sol et des celliers.<br \/>\nLes travaux d\u00e9buteront d\u00e8s l\u2019ach\u00e8vement de la 1\u00e8re tranche pr\u00e9vu d\u00e9but de l&rsquo;ann\u00e9e\u00a02016.<\/p>\n<p><span class=\"responsive\"><img decoding=\"async\" loading=\"lazy\" class=\"aligncenter size-full wp-image-3438\" src=\"http:\/\/ykhimmo.com\/promotion-immobiliere-tunisie\/wp-content\/uploads\/2014\/07\/lot4-lot3.jpg\" alt=\"lot4-lot3\" width=\"1500\" height=\"954\" srcset=\"https:\/\/ykhimmo.com\/promotion-immobiliere-tunisie\/wp-content\/uploads\/2014\/07\/lot4-lot3.jpg 1500w, https:\/\/ykhimmo.com\/promotion-immobiliere-tunisie\/wp-content\/uploads\/2014\/07\/lot4-lot3-300x190.jpg 300w, https:\/\/ykhimmo.com\/promotion-immobiliere-tunisie\/wp-content\/uploads\/2014\/07\/lot4-lot3-1024x651.jpg 1024w\" sizes=\"(max-width: 1500px) 100vw, 1500px\" \/><\/span><\/p>\n","protected":false},"excerpt":{"rendered":"<p>Les \u00e9tudes de la 2\u00e8me tranche de soukra city sont en cours d\u2019ach\u00e8vement, cette tranche sera r\u00e9alis\u00e9e sur le lot 3 en R+4 et sur le lot 4 en R+3.\u2026 <a href=\"https:\/\/ykhimmo.com\/promotion-immobiliere-tunisie?page_id=2626\" class=\"read-more-link\">read more &rarr;<\/a><\/p>\n","protected":false},"author":1,"featured_media":0,"parent":0,"menu_order":0,"comment_status":"open","ping_status":"open","template":"","meta":[],"_links":{"self":[{"href":"https:\/\/ykhimmo.com\/promotion-immobiliere-tunisie\/index.php?rest_route=\/wp\/v2\/pages\/2626"}],"collection":[{"href":"https:\/\/ykhimmo.com\/promotion-immobiliere-tunisie\/index.php?rest_route=\/wp\/v2\/pages"}],"about":[{"href":"https:\/\/ykhimmo.com\/promotion-immobiliere-tunisie\/index.php?rest_route=\/wp\/v2\/types\/page"}],"author":[{"embeddable":true,"href":"https:\/\/ykhimmo.com\/promotion-immobiliere-tunisie\/index.php?rest_route=\/wp\/v2\/users\/1"}],"replies":[{"embeddable":true,"href":"https:\/\/ykhimmo.com\/promotion-immobiliere-tunisie\/index.php?rest_route=%2Fwp%2Fv2%2Fcomments&post=2626"}],"version-history":[{"count":9,"href":"https:\/\/ykhimmo.com\/promotion-immobiliere-tunisie\/index.php?rest_route=\/wp\/v2\/pages\/2626\/revisions"}],"predecessor-version":[{"id":3496,"href":"https:\/\/ykhimmo.com\/promotion-immobiliere-tunisie\/index.php?rest_route=\/wp\/v2\/pages\/2626\/revisions\/3496"}],"wp:attachment":[{"href":"https:\/\/ykhimmo.com\/promotion-immobiliere-tunisie\/index.php?rest_route=%2Fwp%2Fv2%2Fmedia&parent=2626"}],"curies":[{"name":"wp","href":"https:\/\/api.w.org\/{rel}","templated":true}]}}