{"id":2486,"date":"2014-05-14T11:06:58","date_gmt":"2014-05-14T10:06:58","guid":{"rendered":"http:\/\/localhost\/ykhimmo\/?page_id=2486"},"modified":"2014-07-14T09:21:13","modified_gmt":"2014-07-14T08:21:13","slug":"soukra-city-le-projet","status":"publish","type":"page","link":"https:\/\/ykhimmo.com\/promotion-immobiliere-tunisie?page_id=2486","title":{"rendered":"Soukra City le projet"},"content":{"rendered":"<p><span style=\"color: #555555;\">\n\t\t\t<!-- START hom REVOLUTION SLIDER 6.7.9 --><p class=\"rs-p-wp-fix\"><\/p>\n\t\t\t<rs-module-wrap id=\"rev_slider_2_1_wrapper\" data-source=\"gallery\" data-aimg=\"\"  style=\"visibility:hidden;background:#ffffff;padding:0;margin:0px auto;margin-top:-5;margin-bottom:0;\">\n\t\t\t\t<rs-module id=\"rev_slider_2_1\" style=\"\" data-version=\"6.7.9\">\n\t\t\t\t\t<rs-slides style=\"overflow: hidden; position: absolute;\">\n\t\t\t\t\t\t<rs-slide style=\"position: absolute;\" data-key=\"rs-60\" data-title=\"Slide\" data-in=\"prst:rndany;\" data-out=\"y:100%;\">\n\t\t\t\t\t\t\t<img src=\"\/\/ykhimmo.com\/promotion-immobiliere-tunisie\/wp-content\/plugins\/revslider\/sr6\/assets\/assets\/dummy.png\" alt=\"Slide\" title=\"Soukra City le projet\" class=\"rev-slidebg tp-rs-img rs-lazyload\" data-lazyload=\"\/\/ykhimmo.com\/promotion-immobiliere-tunisie\/wp-content\/plugins\/revslider\/sr6\/assets\/assets\/transparent.png\" data-bg=\"p:center top;\" data-no-retina>\n<!--\n\t\t\t\t\t\t\t--><rs-layer\n\t\t\t\t\t\t\t\tid=\"slider-2-slide-60-layer-1\" \n\t\t\t\t\t\t\t\tdata-type=\"image\"\n\t\t\t\t\t\t\t\tdata-rsp_ch=\"on\"\n\t\t\t\t\t\t\t\tdata-xy=\"x:c;y:c;\"\n\t\t\t\t\t\t\t\tdata-dim=\"w:940;h:377;\"\n\t\t\t\t\t\t\t\tdata-frame_1=\"st:500;\"\n\t\t\t\t\t\t\t\tdata-frame_999=\"st:8400;auto:true;\"\n\t\t\t\t\t\t\t\tstyle=\"z-index:5;\"\n\t\t\t\t\t\t\t><img src=\"\/\/ykhimmo.com\/promotion-immobiliere-tunisie\/wp-content\/plugins\/revslider\/sr6\/assets\/assets\/dummy.png\" alt=\"\" class=\"tp-rs-img rs-lazyload\" width=\"940\" height=\"377\" data-lazyload=\"\/\/ykhimmo.com\/promotion-immobiliere-tunisie\/wp-content\/uploads\/2014\/06\/811.jpg\" data-no-retina> \n\t\t\t\t\t\t\t<\/rs-layer><!--\n\n\t\t\t\t\t\t\t--><rs-layer\n\t\t\t\t\t\t\t\tid=\"slider-2-slide-60-layer-2\" \n\t\t\t\t\t\t\t\tclass=\"largegreenbg\"\n\t\t\t\t\t\t\t\tdata-type=\"text\"\n\t\t\t\t\t\t\t\tdata-color=\"#ffffff\"\n\t\t\t\t\t\t\t\tdata-rsp_ch=\"on\"\n\t\t\t\t\t\t\t\tdata-xy=\"x:34px;y:245px;\"\n\t\t\t\t\t\t\t\tdata-text=\"s:30;l:48;fw:600;\"\n\t\t\t\t\t\t\t\tdata-padding=\"r:20;l:20;\"\n\t\t\t\t\t\t\t\tdata-frame_1=\"st:800;\"\n\t\t\t\t\t\t\t\tdata-frame_999=\"st:8400;auto:true;\"\n\t\t\t\t\t\t\t\tstyle=\"z-index:6;background-color:rgba(40,157,204,0.81);font-family:'Trebuchet MS', 'Helvetica', 'sans-serif';text-shadow:none;\"\n\t\t\t\t\t\t\t>SOUKRA CITY \n\t\t\t\t\t\t\t<\/rs-layer><!--\n-->\t\t\t\t\t<\/rs-slide>\n\t\t\t\t\t\t<rs-slide style=\"position: absolute;\" data-key=\"rs-59\" data-title=\"Slide\" data-anim=\"adpr:false;\">\n\t\t\t\t\t\t\t<img src=\"\/\/ykhimmo.com\/promotion-immobiliere-tunisie\/wp-content\/plugins\/revslider\/sr6\/assets\/assets\/dummy.png\" alt=\"\" title=\"Soukra City le projet\" class=\"rev-slidebg tp-rs-img rs-lazyload\" data-lazyload=\"\/\/ykhimmo.hypergroup.com.tn\/wp-content\/uploads\/2014\/07\/soukra-city-vue-gauche.jpg\" data-no-retina>\n<!---->\t\t\t\t\t<\/rs-slide>\n\t\t\t\t\t\t<rs-slide style=\"position: absolute;\" data-key=\"rs-57\" data-title=\"Slide\" data-anim=\"d:10;ms:600;f:random;\" data-in=\"prst:rndany;mo:45;moo:none;o:0;y:(100%);r:ran(-45|45);sx:0.8;sy:0.8;col:20;\">\n\t\t\t\t\t\t\t<img src=\"\/\/ykhimmo.com\/promotion-immobiliere-tunisie\/wp-content\/plugins\/revslider\/sr6\/assets\/assets\/dummy.png\" alt=\"\" title=\"Soukra City le projet\" class=\"rev-slidebg tp-rs-img rs-lazyload\" data-lazyload=\"\/\/ykhimmo.hypergroup.com.tn\/wp-content\/uploads\/2014\/06\/32.jpg\" data-bg=\"p:center top;\" data-no-retina>\n<!---->\t\t\t\t\t<\/rs-slide>\n\t\t\t\t\t\t<rs-slide style=\"position: absolute;\" data-key=\"rs-4\" data-title=\"B\" data-anim=\"ms:1500;\" data-in=\"o:0;\" data-out=\"a:false;\" data-d3=\"f:fly;z:400;e:power2.out;su:true;\">\n\t\t\t\t\t\t\t<img src=\"\/\/ykhimmo.com\/promotion-immobiliere-tunisie\/wp-content\/plugins\/revslider\/sr6\/assets\/assets\/dummy.png\" alt=\"B\" title=\"Soukra City le projet\" class=\"rev-slidebg tp-rs-img rs-lazyload\" data-lazyload=\"\/\/ykhimmo.com\/promotion-immobiliere-tunisie\/wp-content\/plugins\/revslider\/sr6\/assets\/assets\/transparent.png\" data-bg=\"p:center top;\" data-no-retina>\n<!--\n\t\t\t\t\t\t\t--><rs-layer\n\t\t\t\t\t\t\t\tid=\"slider-2-slide-4-layer-1\" \n\t\t\t\t\t\t\t\tdata-type=\"image\"\n\t\t\t\t\t\t\t\tdata-rsp_ch=\"on\"\n\t\t\t\t\t\t\t\tdata-xy=\"x:c;xo:50px;y:c;\"\n\t\t\t\t\t\t\t\tdata-dim=\"w:1303;h:380;\"\n\t\t\t\t\t\t\t\tdata-frame_1=\"st:500;\"\n\t\t\t\t\t\t\t\tdata-frame_999=\"st:8400;auto:true;\"\n\t\t\t\t\t\t\t\tstyle=\"z-index:5;\"\n\t\t\t\t\t\t\t><img src=\"\/\/ykhimmo.com\/promotion-immobiliere-tunisie\/wp-content\/plugins\/revslider\/sr6\/assets\/assets\/dummy.png\" alt=\"\" class=\"tp-rs-img rs-lazyload\" width=\"1303\" height=\"380\" data-lazyload=\"\/\/ykhimmo.com\/promotion-immobiliere-tunisie\/wp-content\/uploads\/revslider\/hom\/soukra-city.jpg\" data-no-retina> \n\t\t\t\t\t\t\t<\/rs-layer><!--\n\n\t\t\t\t\t\t\t--><rs-layer\n\t\t\t\t\t\t\t\tid=\"slider-2-slide-4-layer-2\" \n\t\t\t\t\t\t\t\tclass=\"largeblackbg\"\n\t\t\t\t\t\t\t\tdata-type=\"text\"\n\t\t\t\t\t\t\t\tdata-color=\"#ffffff\"\n\t\t\t\t\t\t\t\tdata-rsp_ch=\"on\"\n\t\t\t\t\t\t\t\tdata-xy=\"x:12px;y:323px;\"\n\t\t\t\t\t\t\t\tdata-text=\"s:26;l:43;fw:100;\"\n\t\t\t\t\t\t\t\tdata-padding=\"r:20;l:20;\"\n\t\t\t\t\t\t\t\tdata-frame_1=\"st:800;sp:1000;\"\n\t\t\t\t\t\t\t\tdata-frame_999=\"e:nothing;st:8980;sp:10;\"\n\t\t\t\t\t\t\t\tstyle=\"z-index:6;background-color:rgba(13,29,52,0.75);font-family:'Lucida Sans Unicode', 'Lucida Grande', 'sans-serif';text-shadow:none;\"\n\t\t\t\t\t\t\t>Soukra CITY \n\t\t\t\t\t\t\t<\/rs-layer><!--\n-->\t\t\t\t\t<\/rs-slide>\n\t\t\t\t\t\t<rs-slide style=\"position: absolute;\" data-key=\"rs-28\" data-title=\"D\" data-anim=\"ms:300;f:center;\" data-in=\"y:(-100%);row:7;col:5;\">\n\t\t\t\t\t\t\t<img src=\"\/\/ykhimmo.com\/promotion-immobiliere-tunisie\/wp-content\/plugins\/revslider\/sr6\/assets\/assets\/dummy.png\" alt=\"\" title=\"Soukra City le projet\" class=\"rev-slidebg tp-rs-img rs-lazyload\" data-lazyload=\"\/\/ykhimmo.hypergroup.com.tn\/wp-content\/uploads\/2014\/06\/221.jpg\" data-bg=\"p:center top;\" data-no-retina>\n<!---->\t\t\t\t\t<\/rs-slide>\n\t\t\t\t\t\t<rs-slide style=\"position: absolute;\" data-key=\"rs-32\" data-title=\"H\" data-anim=\"d:15;ms:1000;f:center;\" data-in=\"prst:rndany;o:0;x:cyc(-10|10);y:cyc(-10|10);r:cyc(-10|10);sx:0.1;sy:0.1;row:8;col:8;\" data-alttrans=\"fadetorightfadefromleft\">\n\t\t\t\t\t\t\t<img src=\"\/\/ykhimmo.com\/promotion-immobiliere-tunisie\/wp-content\/plugins\/revslider\/sr6\/assets\/assets\/dummy.png\" alt=\"\" title=\"Soukra City le projet\" class=\"rev-slidebg tp-rs-img rs-lazyload\" data-lazyload=\"\/\/ykhimmo.hypergroup.com.tn\/wp-content\/uploads\/2014\/06\/611.jpg\" data-bg=\"p:center top;\" data-no-retina>\n<!---->\t\t\t\t\t<\/rs-slide>\n\t\t\t\t\t\t<rs-slide style=\"position: absolute;\" data-key=\"rs-33\" data-title=\"I\" data-anim=\"ms:300;f:end;\" data-in=\"y:(-100%);row:7;col:5;\">\n\t\t\t\t\t\t\t<img src=\"\/\/ykhimmo.com\/promotion-immobiliere-tunisie\/wp-content\/plugins\/revslider\/sr6\/assets\/assets\/dummy.png\" alt=\"\" title=\"Soukra City le projet\" class=\"rev-slidebg tp-rs-img rs-lazyload\" data-lazyload=\"\/\/ykhimmo.hypergroup.com.tn\/wp-content\/uploads\/2014\/06\/YKH-Banner.jpg\" data-bg=\"p:center top;\" data-no-retina>\n<!---->\t\t\t\t\t<\/rs-slide>\n\t\t\t\t\t\t<rs-slide style=\"position: absolute;\" data-key=\"rs-31\" data-title=\"J\" data-anim=\"ms:900;\" data-in=\"x:-100%;\" data-out=\"sx:0.85;sy:0.85;\">\n\t\t\t\t\t\t\t<img src=\"\/\/ykhimmo.com\/promotion-immobiliere-tunisie\/wp-content\/plugins\/revslider\/sr6\/assets\/assets\/dummy.png\" alt=\"\" title=\"Soukra City le projet\" class=\"rev-slidebg tp-rs-img rs-lazyload\" data-lazyload=\"\/\/ykhimmo.hypergroup.com.tn\/wp-content\/uploads\/2014\/06\/531.jpg\" data-bg=\"p:center top;\" data-no-retina>\n<!---->\t\t\t\t\t<\/rs-slide>\n\t\t\t\t\t\t<rs-slide style=\"position: absolute;\" data-key=\"rs-29\" data-title=\"E\" data-anim=\"ms:300;\" data-in=\"o:1;x:-100%;\" data-out=\"x:60%;\">\n\t\t\t\t\t\t\t<img src=\"\/\/ykhimmo.com\/promotion-immobiliere-tunisie\/wp-content\/plugins\/revslider\/sr6\/assets\/assets\/dummy.png\" alt=\"\" title=\"Soukra City le projet\" class=\"rev-slidebg tp-rs-img rs-lazyload\" data-lazyload=\"\/\/ykhimmo.hypergroup.com.tn\/wp-content\/uploads\/2014\/06\/121.jpg\" data-bg=\"p:center top;\" data-no-retina>\n<!---->\t\t\t\t\t<\/rs-slide>\n\t\t\t\t\t\t<rs-slide style=\"position: absolute;\" data-key=\"rs-30\" data-title=\"F\" data-anim=\"ms:900;\" data-in=\"o:0;\" data-out=\"a:false;\" data-d3=\"f:cube;d:vertical;z:400;su:true;sma:1;\">\n\t\t\t\t\t\t\t<img src=\"\/\/ykhimmo.com\/promotion-immobiliere-tunisie\/wp-content\/plugins\/revslider\/sr6\/assets\/assets\/dummy.png\" alt=\"\" title=\"Soukra City le projet\" class=\"rev-slidebg tp-rs-img rs-lazyload\" data-lazyload=\"\/\/ykhimmo.hypergroup.com.tn\/wp-content\/uploads\/2014\/06\/421.jpg\" data-bg=\"p:center top;\" data-no-retina>\n<!---->\t\t\t\t\t<\/rs-slide>\n\t\t\t\t\t\t<rs-slide style=\"position: absolute;\" data-key=\"rs-58\" data-title=\"Slide\" data-anim=\"adpr:false;\">\n\t\t\t\t\t\t\t<img src=\"\/\/ykhimmo.com\/promotion-immobiliere-tunisie\/wp-content\/plugins\/revslider\/sr6\/assets\/assets\/dummy.png\" alt=\"\" title=\"Soukra City le projet\" class=\"rev-slidebg tp-rs-img rs-lazyload\" data-lazyload=\"\/\/ykhimmo.hypergroup.com.tn\/wp-content\/uploads\/2014\/07\/cuisine.jpg\" data-no-retina>\n<!---->\t\t\t\t\t<\/rs-slide>\n\t\t\t\t\t<\/rs-slides>\n\t\t\t\t<\/rs-module>\n\t\t\t\t<script>\n\t\t\t\t\tsetREVStartSize({c: 'rev_slider_2_1',rl:[1240,1024,778,480],el:[],gw:[940],gh:[330],type:'standard',justify:'',layout:'fullwidth',mh:\"0\"});if (window.RS_MODULES!==undefined && window.RS_MODULES.modules!==undefined && window.RS_MODULES.modules[\"revslider21\"]!==undefined) {window.RS_MODULES.modules[\"revslider21\"].once = false;window.revapi2 = undefined;if (window.RS_MODULES.checkMinimal!==undefined) window.RS_MODULES.checkMinimal()}\n\t\t\t\t<\/script>\n\t\t\t<\/rs-module-wrap>\n\t\t\t<!-- END REVOLUTION SLIDER -->\n<\/span><\/p>\n<p>Le projet <strong>SOUKRA CITY<\/strong> sera r\u00e9alis\u00e9 sur trois tranches cons\u00e9cutives:<\/p>\n<ul>\n<li>Tranche 1 : Habitation et commerces en R+4 sur le lot n\u00b0 1 et 2<\/li>\n<li>Tranche 2\u00a0: Habitation \u00a0en R+4 sur le lot n\u00b0 3 et R+3 sur le lot n\u00b0 4<\/li>\n<li>Tranche 3\u00a0: Habitation \u00a0en R+4 sur le lot n\u00b0 5<\/li>\n<\/ul>\n<p>Le projet Soukra City compte pr\u00e8s de 180 logements et une douzaine de commerces en fa\u00e7ade.<\/p>\n","protected":false},"excerpt":{"rendered":"<p>Le projet SOUKRA CITY sera r\u00e9alis\u00e9 sur trois tranches cons\u00e9cutives: Tranche 1 : Habitation et commerces en R+4 sur le lot n\u00b0 1 et 2 Tranche 2\u00a0: Habitation \u00a0en R+4\u2026 <a href=\"https:\/\/ykhimmo.com\/promotion-immobiliere-tunisie?page_id=2486\" class=\"read-more-link\">read more &rarr;<\/a><\/p>\n","protected":false},"author":1,"featured_media":0,"parent":0,"menu_order":0,"comment_status":"open","ping_status":"open","template":"page-fullwidth.php","meta":[],"_links":{"self":[{"href":"https:\/\/ykhimmo.com\/promotion-immobiliere-tunisie\/index.php?rest_route=\/wp\/v2\/pages\/2486"}],"collection":[{"href":"https:\/\/ykhimmo.com\/promotion-immobiliere-tunisie\/index.php?rest_route=\/wp\/v2\/pages"}],"about":[{"href":"https:\/\/ykhimmo.com\/promotion-immobiliere-tunisie\/index.php?rest_route=\/wp\/v2\/types\/page"}],"author":[{"embeddable":true,"href":"https:\/\/ykhimmo.com\/promotion-immobiliere-tunisie\/index.php?rest_route=\/wp\/v2\/users\/1"}],"replies":[{"embeddable":true,"href":"https:\/\/ykhimmo.com\/promotion-immobiliere-tunisie\/index.php?rest_route=%2Fwp%2Fv2%2Fcomments&post=2486"}],"version-history":[{"count":21,"href":"https:\/\/ykhimmo.com\/promotion-immobiliere-tunisie\/index.php?rest_route=\/wp\/v2\/pages\/2486\/revisions"}],"predecessor-version":[{"id":3406,"href":"https:\/\/ykhimmo.com\/promotion-immobiliere-tunisie\/index.php?rest_route=\/wp\/v2\/pages\/2486\/revisions\/3406"}],"wp:attachment":[{"href":"https:\/\/ykhimmo.com\/promotion-immobiliere-tunisie\/index.php?rest_route=%2Fwp%2Fv2%2Fmedia&parent=2486"}],"curies":[{"name":"wp","href":"https:\/\/api.w.org\/{rel}","templated":true}]}}