{"id":2469,"date":"2014-05-14T10:02:48","date_gmt":"2014-05-14T09:02:48","guid":{"rendered":"http:\/\/localhost\/ykhimmo\/?page_id=2469"},"modified":"2014-07-18T08:30:42","modified_gmt":"2014-07-18T07:30:42","slug":"soukra-city-lotissement","status":"publish","type":"page","link":"https:\/\/ykhimmo.com\/promotion-immobiliere-tunisie?page_id=2469","title":{"rendered":"SOUKRA CITY"},"content":{"rendered":"<div class=\"gap\" style=\"height: 30px;\"><\/div>\n<div class=\"section \" style=\"background-color: #ffffff; border: none; padding: 0px 0 0 0; \">\n<div class=\"container clearfix\">\n<div class=\"sixteen columns\">\n<div class=\"one_third\"><span class=\"responsive\"><a href=\"?page_id=3218\"><img decoding=\"async\" loading=\"lazy\" class=\"aligncenter wp-image-3262 size-full\" src=\"http:\/\/ykhimmo.com\/promotion-immobiliere-tunisie\/wp-content\/uploads\/2014\/05\/lotissement1.jpg\" alt=\"\" width=\"292\" height=\"145\" \/><\/a><\/span><\/p>\n<h3>Plan de Lotissement<\/h3>\n<p>Le lotissement b\u00e9n\u00e9ficie d\u2019un emplacement strat\u00e9gie de part son acc\u00e8s facile par rapport aux autres lots sur la route de la Soukra et de l\u2019Ariana, de l\u2019A\u00e9roport\u00a0.<\/p>\n<\/div>\n<div class=\"one_third\"><span class=\"responsive\"><a href=\"?page_id=2486\"><img decoding=\"async\" loading=\"lazy\" class=\"aligncenter wp-image-3263 size-full\" src=\"http:\/\/ykhimmo.com\/promotion-immobiliere-tunisie\/wp-content\/uploads\/2014\/05\/le-projet1.jpg\" alt=\"\" width=\"292\" height=\"145\" \/><\/a><\/span><\/p>\n<h3>Le Projet<\/h3>\n<p>Le projet Soukra City compte pr\u00e8s de 180 logements et une douzaine de commerces en fa\u00e7ade.\u00a0Le projet\u00a0SOUKRA CITY\u00a0sera r\u00e9alis\u00e9 sur trois tranches.<\/p>\n<\/div>\n<div class=\"one_third last\"><span class=\"responsive\"><a href=\"http:\/\/ykhimmo.com\/promotion-immobiliere-tunisie\/?page_id=3179\"><img decoding=\"async\" loading=\"lazy\" class=\"aligncenter wp-image-3349 size-full\" src=\"http:\/\/ykhimmo.com\/promotion-immobiliere-tunisie\/wp-content\/uploads\/2014\/07\/maps-soukra-city.jpg\" alt=\"\" width=\"292\" height=\"145\" \/><\/a><\/span><\/p>\n<h3>Plan de Situation<\/h3>\n<p>Situ\u00e9 \u00e0 l\u2019entr\u00e9e de la route de la Soukra sur la droite, au Km 1 Avenue de l\u2019union du Maghreb Arabe \u2013 GB 10 \u2013 ancien free shop Hamila &#8211;\u00a0( <a href=\"?page_id=3218\">Voir plan<\/a> ).<\/p>\n<\/div>\n<div class=\"clear\"><\/div>\n<\/p><\/div>\n<\/div>\n<\/div>\n<div class=\"gap\" style=\"height: 30px;\"><\/div>\n<div class=\"section \" style=\"background-color: #ffffff; border: none; padding: 0px 0 0 0; \">\n<div class=\"container clearfix\">\n<div class=\"sixteen columns\">\n<div class=\"one_third\"><span class=\"responsive\"><a href=\"?page_id=3230\"><img decoding=\"async\" loading=\"lazy\" class=\"aligncenter wp-image-3266 size-full\" src=\"http:\/\/ykhimmo.com\/promotion-immobiliere-tunisie\/wp-content\/uploads\/2014\/05\/plan-architect.jpg\" alt=\"\" width=\"292\" height=\"145\" \/><\/a><\/span><\/p>\n<h3>Plans d&rsquo;Architecture<\/h3>\n<p>Visualiser et t\u00e9l\u00e9charger les plans d&rsquo;architecture des appartements de Soukra City 1\u00e9r tranche 2\u00e9me, 3\u00e9me et 4\u00e9me \u00e9tage<\/p>\n<\/div>\n<div class=\"one_third\"><span class=\"responsive\"><a href=\"http:\/\/ykhimmo.com\/promotion-immobiliere-tunisie\/?page_id=3233\"><img decoding=\"async\" loading=\"lazy\" class=\"aligncenter wp-image-3348 size-full\" src=\"http:\/\/ykhimmo.com\/promotion-immobiliere-tunisie\/wp-content\/uploads\/2014\/07\/album-photos-soukra-city-1.jpg\" alt=\"\" width=\"292\" height=\"145\" \/><\/a><\/span><\/p>\n<h3>Album Photos<\/h3>\n<p>Avec une architecture sobre, SOUKRA CITY vos offres des appartements bien orient\u00e9s et bien ensoleill\u00e9s qui marient.<\/p>\n<\/div>\n<div class=\"one_third last\"><span class=\"responsive\"><a href=\"?page_id=2975\"><img decoding=\"async\" loading=\"lazy\" class=\"aligncenter wp-image-3272 size-full\" src=\"http:\/\/ykhimmo.com\/promotion-immobiliere-tunisie\/wp-content\/uploads\/2014\/05\/descriptif.jpg\" alt=\"\" width=\"292\" height=\"145\" \/><\/a><\/span><\/p>\n<h3>Descriptif du Projet<\/h3>\n<p>Gr\u00e2ce \u00e0 leurs lignes \u00e9pur\u00e9es et luxueuses, les appartements s\u2019int\u00e8grent parfaitement \u00e0 meur environment urbain.<\/p>\n<\/div>\n<div class=\"clear\"><\/div>\n<\/p><\/div>\n<\/div>\n<\/div>\n","protected":false},"excerpt":{"rendered":"<p>Plan de Lotissement Le lotissement b\u00e9n\u00e9ficie d\u2019un emplacement strat\u00e9gie de part son acc\u00e8s facile par rapport aux autres lots sur la route de la Soukra et de l\u2019Ariana, de l\u2019A\u00e9roport\u00a0.\u2026 <a href=\"https:\/\/ykhimmo.com\/promotion-immobiliere-tunisie?page_id=2469\" class=\"read-more-link\">read more &rarr;<\/a><\/p>\n","protected":false},"author":1,"featured_media":3213,"parent":0,"menu_order":0,"comment_status":"open","ping_status":"open","template":"page-fullwidth.php","meta":[],"_links":{"self":[{"href":"https:\/\/ykhimmo.com\/promotion-immobiliere-tunisie\/index.php?rest_route=\/wp\/v2\/pages\/2469"}],"collection":[{"href":"https:\/\/ykhimmo.com\/promotion-immobiliere-tunisie\/index.php?rest_route=\/wp\/v2\/pages"}],"about":[{"href":"https:\/\/ykhimmo.com\/promotion-immobiliere-tunisie\/index.php?rest_route=\/wp\/v2\/types\/page"}],"author":[{"embeddable":true,"href":"https:\/\/ykhimmo.com\/promotion-immobiliere-tunisie\/index.php?rest_route=\/wp\/v2\/users\/1"}],"replies":[{"embeddable":true,"href":"https:\/\/ykhimmo.com\/promotion-immobiliere-tunisie\/index.php?rest_route=%2Fwp%2Fv2%2Fcomments&post=2469"}],"version-history":[{"count":53,"href":"https:\/\/ykhimmo.com\/promotion-immobiliere-tunisie\/index.php?rest_route=\/wp\/v2\/pages\/2469\/revisions"}],"predecessor-version":[{"id":3457,"href":"https:\/\/ykhimmo.com\/promotion-immobiliere-tunisie\/index.php?rest_route=\/wp\/v2\/pages\/2469\/revisions\/3457"}],"wp:featuredmedia":[{"embeddable":true,"href":"https:\/\/ykhimmo.com\/promotion-immobiliere-tunisie\/index.php?rest_route=\/wp\/v2\/media\/3213"}],"wp:attachment":[{"href":"https:\/\/ykhimmo.com\/promotion-immobiliere-tunisie\/index.php?rest_route=%2Fwp%2Fv2%2Fmedia&parent=2469"}],"curies":[{"name":"wp","href":"https:\/\/api.w.org\/{rel}","templated":true}]}}