{"id":2057,"date":"2013-07-30T18:56:30","date_gmt":"2013-07-30T18:56:30","guid":{"rendered":"http:\/\/localhost:8888\/themes\/inovado.dev\/?page_id=2057"},"modified":"2014-09-09T17:16:08","modified_gmt":"2014-09-09T16:16:08","slug":"full-width-example-2","status":"publish","type":"page","link":"https:\/\/ykhimmo.com\/promotion-immobiliere-tunisie?page_id=2057","title":{"rendered":"YKH Holding"},"content":{"rendered":"<div class=\"one_half\"><\/div>\n<div class=\"section \" style=\"background-color: #f9f9f9; border: none; padding: 0px 0 20px 0; \">\n<div class=\"container clearfix\">\n<div class=\"sixteen columns\">\n<\/div>\n<\/div>\n<\/div>\n<div class=\"section \" style=\"background-color: #ffffff; border: none; padding: 10px 0 5px 0; \">\n<div class=\"container clearfix\">\n<div class=\"sixteen columns\">\n<div class=\"one_fourth\">\n<div class=\"retinaiconbox\"><span class=\"retinaicon-\"  style=\"background-color: transparent; color: #999999;\"><\/span><\/p>\n<h3>Industrie<\/h3>\n<p><a href=\"http:\/\/www.ykh.com.tn\/fr\/index.html#!portfolio\" target=\"_blank\"><img decoding=\"async\" loading=\"lazy\" class=\"alignnone wp-image-2803 size-full\" src=\"http:\/\/ykhimmo.com\/promotion-immobiliere-tunisie\/wp-content\/uploads\/2013\/07\/11.jpg\" alt=\"1\" width=\"161\" height=\"107\" \/><\/a><\/p>\n<div class=\"gap\" style=\"height: 10px;\"><\/div>\n<p><a href=\"http:\/\/www.ykh.com.tn\/fr\/index.html#!portfolio\" target=\"_blank\">Plus \u2192<\/a><\/div>\n<\/div>\n<div class=\"one_fourth\">\n<div class=\"retinaiconbox\"><span class=\"retinaicon-\"  style=\"background-color: transparent; color: #999999;\"><\/span><\/p>\n<h3>Commerce<\/h3>\n<p><a href=\"http:\/\/www.ykh.com.tn\/fr\/index.html#!resume\" target=\"_blank\"><img decoding=\"async\" loading=\"lazy\" class=\"alignnone wp-image-2805 size-full\" src=\"http:\/\/ykhimmo.com\/promotion-immobiliere-tunisie\/wp-content\/uploads\/2013\/07\/21.jpg\" alt=\"2\" width=\"161\" height=\"107\" \/><\/a><\/p>\n<div class=\"gap\" style=\"height: 10px;\"><\/div>\n<p><a href=\"http:\/\/www.ykh.com.tn\/fr\/index.html#!resume\" target=\"_blank\">Plus \u2192<\/a><\/div>\n<\/div>\n<div class=\"one_fourth\">\n<div class=\"retinaiconbox\"><span class=\"retinaicon-\"  style=\"background-color: transparent; color: #999999;\"><\/span><\/p>\n<h3>Services<\/h3>\n<p><a href=\"http:\/\/www.ykh.com.tn\/fr\/index.html#!interests\" target=\"_blank\"><img decoding=\"async\" loading=\"lazy\" class=\"alignnone wp-image-2837 size-full\" src=\"http:\/\/ykhimmo.com\/promotion-immobiliere-tunisie\/wp-content\/uploads\/2013\/07\/5.jpg\" alt=\"\" width=\"161\" height=\"107\" \/><\/a><\/p>\n<div class=\"gap\" style=\"height: 10px;\"><\/div>\n<p><a href=\"http:\/\/www.ykh.com.tn\/fr\/index.html#!interests\" target=\"_blank\">Plus \u2192<\/a><\/div>\n<\/div>\n<div class=\"one_fourth last\">\n<div class=\"retinaiconbox\"><span class=\"retinaicon-\"  style=\"background-color: transparent; color: #999999;\"><\/span><\/p>\n<h3>Promotion immobili\u00e8re<\/h3>\n<p><a href=\"http:\/\/www.ykh.com.tn\/fr\/index.html#!immobiliere\" target=\"_blank\"><img decoding=\"async\" loading=\"lazy\" class=\"alignnone wp-image-2887 size-full\" src=\"http:\/\/ykhimmo.com\/promotion-immobiliere-tunisie\/wp-content\/uploads\/2013\/07\/Promotion-I1.jpg\" alt=\"\" width=\"161\" height=\"107\" \/><\/a><\/p>\n<div class=\"gap\" style=\"height: 10px;\"><\/div>\n<p><a href=\"http:\/\/www.ykh.com.tn\/fr\/index.html#!immobiliere\" target=\"_blank\">Plus \u2192<\/a><\/div>\n<\/div>\n<div class=\"clear\"><\/div>\n<\/div>\n<\/div>\n<\/div>\n<div class=\"hr hr1\" style='margin:5px 0 30px 0 !important;'><\/div>\n<div class=\"one_half\">\n<h3 class=\"title\"><span>Le groupe<\/span><\/h3>\n<p>Fond\u00e9 par Yassine Khalifa Hamila, YKH Holding est actuellement pr\u00e9sid\u00e9 par Tarek Yassine Hamila. Sous leur impulsion, le groupe n\u2019a cess\u00e9 de cro\u00eetre, fid\u00e8le \u00e0 un esprit d\u2019entreprise. Cette formidable r\u00e9ussite tient \u00e0 la volont\u00e9 de gagner, conjugu\u00e9e au talent des hommes et \u00e0 l\u2019engagement des \u00e9quipes qui les entourent.<\/p>\n<p><strong>Initiative et d\u00e9veloppement durable<\/strong><br \/>\nYKH m\u00e8ne une strat\u00e9gie qui s\u2019inscrit dans la dur\u00e9e et dont la p\u00e9rennit\u00e9 de ses entreprises est prioritaire. Tout est mis en \u0153uvre pour moderniser, d\u00e9velopper et accro\u00eetre la productivit\u00e9. Favoriser l\u2019existant tout en encourageant les audaces pour saisir les opportunit\u00e9s stimulantes. YKH se donne les moyens de ses ambitions pour assurer un avenir radieux aux projets engag\u00e9s.<\/p>\n<p><strong>Richesse des m\u00e9tiers<\/strong><br \/>\nPrincipalement concentr\u00e9 \u00e0 ses d\u00e9buts dans l\u2019industrie et la distribution, aujourd\u2019hui, le groupe s\u2019engage dans une politique de diversification avec une ouverture vers les secteurs de la promotion immobili\u00e8re et des services. L\u2019apport de ces p\u00f4les contribue \u00e0 g\u00e9n\u00e9rer une synergie entre les m\u00e9tiers et apporte un dynamisme vivifiant dans l\u2019esprit d\u2019entreprise du groupe.<\/p>\n<p><strong>Le monde comme p\u00f4le d\u2019action<\/strong><br \/>\nSi YKH Holding a su s\u2019imposer en Tunisie, l\u2019internationalisation est depuis toujours son fer de lance. Le groupe est implant\u00e9 au Canada, au Soudan, en Suisse, au Maroc, en Lybie et sera prochainement pr\u00e9sent en Alg\u00e9rie.<\/p>\n<p>L\u2019esprit d\u2019entreprendre YKH Holding le cultive aussi \u00e0 travers des partenariats riches d&rsquo;avenir.<\/p>\n<p><strong>Notre objectif : gagner et r\u00e9ussir ensemble.<\/strong><\/p>\n<\/div>\n<p style=\"text-align: left;\">\n<div class=\"one_half last\">\n<p style=\"text-align: left;\"><span class=\"responsive\"><a href=\"http:\/\/ykhimmo.com\/promotion-immobiliere-tunisie\/wp-content\/uploads\/2014\/09\/holding-ykh.jpg\"><img decoding=\"async\" loading=\"lazy\" class=\"aligncenter size-full wp-image-3505\" src=\"http:\/\/ykhimmo.com\/promotion-immobiliere-tunisie\/wp-content\/uploads\/2014\/09\/holding-ykh.jpg\" alt=\"holding-ykh\" width=\"482\" height=\"521\" srcset=\"https:\/\/ykhimmo.com\/promotion-immobiliere-tunisie\/wp-content\/uploads\/2014\/09\/holding-ykh.jpg 482w, https:\/\/ykhimmo.com\/promotion-immobiliere-tunisie\/wp-content\/uploads\/2014\/09\/holding-ykh-277x300.jpg 277w\" sizes=\"(max-width: 482px) 100vw, 482px\" \/><\/a><\/span><\/p>\n<\/div>\n<div class=\"clear\"><\/div>\n<style>\n.one_half{margin-right:10px;padding-left:10px;}\n<\/style>\n","protected":false},"excerpt":{"rendered":"<p>Industrie Plus \u2192 Commerce Plus \u2192 Services Plus \u2192 Promotion immobili\u00e8re Plus \u2192 Le groupe Fond\u00e9 par Yassine Khalifa Hamila, YKH Holding est actuellement pr\u00e9sid\u00e9 par Tarek Yassine Hamila. Sous\u2026 <a href=\"https:\/\/ykhimmo.com\/promotion-immobiliere-tunisie?page_id=2057\" class=\"read-more-link\">read more &rarr;<\/a><\/p>\n","protected":false},"author":1,"featured_media":0,"parent":0,"menu_order":0,"comment_status":"open","ping_status":"open","template":"page-section.php","meta":[],"_links":{"self":[{"href":"https:\/\/ykhimmo.com\/promotion-immobiliere-tunisie\/index.php?rest_route=\/wp\/v2\/pages\/2057"}],"collection":[{"href":"https:\/\/ykhimmo.com\/promotion-immobiliere-tunisie\/index.php?rest_route=\/wp\/v2\/pages"}],"about":[{"href":"https:\/\/ykhimmo.com\/promotion-immobiliere-tunisie\/index.php?rest_route=\/wp\/v2\/types\/page"}],"author":[{"embeddable":true,"href":"https:\/\/ykhimmo.com\/promotion-immobiliere-tunisie\/index.php?rest_route=\/wp\/v2\/users\/1"}],"replies":[{"embeddable":true,"href":"https:\/\/ykhimmo.com\/promotion-immobiliere-tunisie\/index.php?rest_route=%2Fwp%2Fv2%2Fcomments&post=2057"}],"version-history":[{"count":99,"href":"https:\/\/ykhimmo.com\/promotion-immobiliere-tunisie\/index.php?rest_route=\/wp\/v2\/pages\/2057\/revisions"}],"predecessor-version":[{"id":3506,"href":"https:\/\/ykhimmo.com\/promotion-immobiliere-tunisie\/index.php?rest_route=\/wp\/v2\/pages\/2057\/revisions\/3506"}],"wp:attachment":[{"href":"https:\/\/ykhimmo.com\/promotion-immobiliere-tunisie\/index.php?rest_route=%2Fwp%2Fv2%2Fmedia&parent=2057"}],"curies":[{"name":"wp","href":"https:\/\/api.w.org\/{rel}","templated":true}]}}