{"id":1962,"date":"2013-07-30T17:14:22","date_gmt":"2013-07-30T17:14:22","guid":{"rendered":"http:\/\/localhost:8888\/themes\/inovado.dev\/?page_id=1962"},"modified":"2014-09-09T12:05:26","modified_gmt":"2014-09-09T11:05:26","slug":"home-version-16-new","status":"publish","type":"page","link":"https:\/\/ykhimmo.com\/promotion-immobiliere-tunisie","title":{"rendered":"Home Version 16 (new)"},"content":{"rendered":"<div class=\"gap\" style=\"height: 30px;\"><\/div>\n<div class=\"section \" style=\"background-color: #ffffff; border: none; padding: 0px 0 0 0; \">\n<div class=\"container clearfix\">\n<div class=\"sixteen columns\">\n<div class=\"one_third\"><span class=\"responsive\"><a href=\"http:\/\/ykhimmo.com\/promotion-immobiliere-tunisie\/?page_id=931\"><img decoding=\"async\" loading=\"lazy\" class=\"aligncenter wp-image-3489 size-full\" src=\"http:\/\/ykhimmo.com\/promotion-immobiliere-tunisie\/wp-content\/uploads\/2013\/07\/siege21.jpg\" alt=\"\" width=\"292\" height=\"145\" \/><\/a><\/span><\/p>\n<h3>YKH Immobili\u00e8re<\/h3>\n<p style=\"margin: 0;\">S.A.R.L au capital de 6 550 000 Dinars, agr\u00e9\u00e9 par le minist\u00e8re de l\u2019\u00e9quipement et d\u2019habitat depuis le 06 Mars 2009.<\/p>\n<\/div>\n<div class=\"one_third\"><span class=\"responsive\"><a href=\"?page_id=2469\"><img decoding=\"async\" loading=\"lazy\" class=\"aligncenter wp-image-3165 size-full\" src=\"http:\/\/ykhimmo.com\/promotion-immobiliere-tunisie\/wp-content\/uploads\/2013\/07\/Img3.jpg\" alt=\"\" width=\"292\" height=\"145\" \/><\/a><\/span><\/p>\n<h3>Projets\u00a0En Cours<\/h3>\n<p style=\"margin: 0;\">Avec une architecture sobre, SOUKRA CITY vos offres des appartements bien orient\u00e9s et bien ensoleill\u00e9s qui marient parfaitement entre simplicit\u00e9 et modernit\u00e9.<\/p>\n<\/div>\n<div class=\"one_third last\"><span class=\"responsive\"><a href=\"?page_id=3407\"><img decoding=\"async\" loading=\"lazy\" class=\"aligncenter wp-image-3164 size-full\" src=\"http:\/\/ykhimmo.com\/promotion-immobiliere-tunisie\/wp-content\/uploads\/2013\/07\/Img1.jpg\" alt=\"\" width=\"292\" height=\"145\" \/><\/a><\/span><\/p>\n<h3>T\u00e9l\u00e9charger notre\u00a0brochure<\/h3>\n<p style=\"margin: 0;\">Si vous cherchez des informations concernant notre projet \u00ab SOUKRA CITY \u00bb, vous pouvez t\u00e9l\u00e9charger la brochure.<\/p>\n<\/div>\n<div class=\"clear\"><\/div>\n<\/p><\/div>\n<\/div>\n<\/div>\n<div class=\"section \" style=\"background-color: #f1f0f0; border: none; padding: 13px 0 0px 0; \">\n<div class=\"container clearfix\">\n<div class=\"sixteen columns\">\n<div class=\"one_half\"><a href=\"http:\/\/ykhimmo.com\/promotion-immobiliere-tunisie\/wp-content\/uploads\/2013\/07\/soukra-City2.jpg\"><img decoding=\"async\" loading=\"lazy\" class=\"alignnone wp-image-3026 size-full\" src=\"http:\/\/ykhimmo.com\/promotion-immobiliere-tunisie\/wp-content\/uploads\/2013\/07\/soukra-City2.jpg\" alt=\"\" width=\"464\" height=\"258\" srcset=\"https:\/\/ykhimmo.com\/promotion-immobiliere-tunisie\/wp-content\/uploads\/2013\/07\/soukra-City2.jpg 464w, https:\/\/ykhimmo.com\/promotion-immobiliere-tunisie\/wp-content\/uploads\/2013\/07\/soukra-City2-300x166.jpg 300w\" sizes=\"(max-width: 464px) 100vw, 464px\" \/><\/a><\/div>\n<div class=\"one_half last\">\n<h3>SOUKRA CITY<\/h3>\n<p>Gr\u00e2ce \u00e0 leurs lignes \u00e9pur\u00e9es et luxueuses, les appartements s&rsquo;int\u00e8grent parfaitement \u00e0 leur environment urbain. D\u00e9couvrez une architecture innovante et audacieuse dans un espace priv\u00e9 enti\u00e8rement clos et s\u00e9curis\u00e9. Son architecture moderne conf\u00e8re \u00e0 l&rsquo;ensemble de la r\u00e9sidence une identit\u00e9 \u00e0 part et offre un cadre de vie harmonieux, agr\u00e9able et confortable.<\/p>\n<div class=\"gap\" style=\"height: 10px;\"><\/div>\n<p> <a href=\"?page_id=1348\" target=\"_self\" class=\" button white medium\" rel=\"slides[buttonlightbox]\">Contactez nous!<\/a><\/div>\n<div class=\"clear\"><\/div>\n<\/div>\n<\/div>\n<\/div>\n","protected":false},"excerpt":{"rendered":"<p>YKH Immobili\u00e8re S.A.R.L au capital de 6 550 000 Dinars, agr\u00e9\u00e9 par le minist\u00e8re de l\u2019\u00e9quipement et d\u2019habitat depuis le 06 Mars 2009. Projets\u00a0En Cours Avec une architecture sobre, SOUKRA\u2026 <a href=\"https:\/\/ykhimmo.com\/promotion-immobiliere-tunisie\" class=\"read-more-link\">read more &rarr;<\/a><\/p>\n","protected":false},"author":1,"featured_media":0,"parent":1350,"menu_order":0,"comment_status":"open","ping_status":"open","template":"page-section.php","meta":[],"_links":{"self":[{"href":"https:\/\/ykhimmo.com\/promotion-immobiliere-tunisie\/index.php?rest_route=\/wp\/v2\/pages\/1962"}],"collection":[{"href":"https:\/\/ykhimmo.com\/promotion-immobiliere-tunisie\/index.php?rest_route=\/wp\/v2\/pages"}],"about":[{"href":"https:\/\/ykhimmo.com\/promotion-immobiliere-tunisie\/index.php?rest_route=\/wp\/v2\/types\/page"}],"author":[{"embeddable":true,"href":"https:\/\/ykhimmo.com\/promotion-immobiliere-tunisie\/index.php?rest_route=\/wp\/v2\/users\/1"}],"replies":[{"embeddable":true,"href":"https:\/\/ykhimmo.com\/promotion-immobiliere-tunisie\/index.php?rest_route=%2Fwp%2Fv2%2Fcomments&post=1962"}],"version-history":[{"count":92,"href":"https:\/\/ykhimmo.com\/promotion-immobiliere-tunisie\/index.php?rest_route=\/wp\/v2\/pages\/1962\/revisions"}],"predecessor-version":[{"id":3490,"href":"https:\/\/ykhimmo.com\/promotion-immobiliere-tunisie\/index.php?rest_route=\/wp\/v2\/pages\/1962\/revisions\/3490"}],"up":[{"embeddable":true,"href":"https:\/\/ykhimmo.com\/promotion-immobiliere-tunisie\/index.php?rest_route=\/wp\/v2\/pages\/1350"}],"wp:attachment":[{"href":"https:\/\/ykhimmo.com\/promotion-immobiliere-tunisie\/index.php?rest_route=%2Fwp%2Fv2%2Fmedia&parent=1962"}],"curies":[{"name":"wp","href":"https:\/\/api.w.org\/{rel}","templated":true}]}}